{"id":826,"date":"2019-01-12T12:02:05","date_gmt":"2019-01-12T12:02:05","guid":{"rendered":"https:\/\/www.mobilus.org\/?post_type=product&#038;p=826"},"modified":"2024-11-10T22:55:27","modified_gmt":"2024-11-10T22:55:27","slug":"pilot-do-rolet-scienny-mobilus-cosmo-l5","status":"publish","type":"product","link":"https:\/\/www.mobilus.org\/sklep\/produkt\/pilot-do-rolet-scienny-mobilus-cosmo-l5\/","title":{"rendered":"Pilot do rolet Mobilus COSMO L5"},"content":{"rendered":"<p>Piloty Cosmo L jako nadajniki na\u015bcienne dopasowane s\u0105 do designu serii LOGUS 90 firmy Efapel. Estetyczna forma pozwoli idealnie wkomponowa\u0107 urz\u0105dzenia w przestrzeni domowej wraz z pozosta\u0142ym osprz\u0119tem elektronicznym. Sze\u015b\u0107 linii LOGUS 90 pozwala kszta\u0142towa\u0107 wygl\u0105d pilot\u00f3w wg indywidualnych preferencji. Wyko\u0144czenie pilot\u00f3w ramkami z tworzywa, metalu, szk\u0142a, granitu. Mo\u017cliwo\u015b\u0107 \u0142\u0105czenia z wielokrotnymi ramkami systemu LOGUS 90.<\/p>\n<p>\u0141atwy i szybki monta\u017c pozwala na kr\u00f3tki czas instalowania pilota w domu, czy biurze. Bezpieczna obs\u0142uga dzi\u0119ki kodowi chronionemu przed zak\u0142\u00f3ceniami<\/p>\n<p>5 kana\u0142owy pilot na\u015bcienny.<br \/>\nKod dynamiczny.<br \/>\nModulacja FSK.<br \/>\nZasilany 2 bateriami litowymi CR2032 o napi\u0119ciu 3,0 V.<br \/>\nGwarancja 2 lata<\/p>\n","protected":false},"excerpt":{"rendered":"<p align=\"justify\"><span style=\"font-family: Arial, serif;\"><span style=\"font-size: medium;\"><span lang=\"pl-PL\">Pilot na\u015bcienny do rolet COSMO L5\u00a0<\/span><\/span><\/span><\/p>\n","protected":false},"featured_media":827,"template":"","meta":{"_seopress_robots_primary_cat":"none","_seopress_titles_title":"","_seopress_titles_desc":"","_seopress_robots_index":""},"product_cat":[60,24],"product_tag":[],"class_list":{"0":"post-826","1":"product","2":"type-product","3":"status-publish","4":"has-post-thumbnail","6":"product_cat-piloty-mobilus","7":"product_cat-mobilus","9":"first","10":"instock","11":"shipping-taxable","12":"purchasable","13":"product-type-simple"},"_links":{"self":[{"href":"https:\/\/www.mobilus.org\/sklep\/wp-json\/wp\/v2\/product\/826","targetHints":{"allow":["GET"]}}],"collection":[{"href":"https:\/\/www.mobilus.org\/sklep\/wp-json\/wp\/v2\/product"}],"about":[{"href":"https:\/\/www.mobilus.org\/sklep\/wp-json\/wp\/v2\/types\/product"}],"wp:featuredmedia":[{"embeddable":true,"href":"https:\/\/www.mobilus.org\/sklep\/wp-json\/wp\/v2\/media\/827"}],"wp:attachment":[{"href":"https:\/\/www.mobilus.org\/sklep\/wp-json\/wp\/v2\/media?parent=826"}],"wp:term":[{"taxonomy":"product_cat","embeddable":true,"href":"https:\/\/www.mobilus.org\/sklep\/wp-json\/wp\/v2\/product_cat?post=826"},{"taxonomy":"product_tag","embeddable":true,"href":"https:\/\/www.mobilus.org\/sklep\/wp-json\/wp\/v2\/product_tag?post=826"}],"curies":[{"name":"wp","href":"https:\/\/api.w.org\/{rel}","templated":true}]}}