{"id":821,"date":"2019-01-12T11:45:00","date_gmt":"2019-01-12T11:45:00","guid":{"rendered":"https:\/\/www.mobilus.org\/?post_type=product&#038;p=821"},"modified":"2024-11-10T23:06:16","modified_gmt":"2024-11-10T23:06:16","slug":"odbiornik-radiowy-mobilus-modul-mob-iq-cm","status":"publish","type":"product","link":"https:\/\/www.mobilus.org\/sklep\/produkt\/odbiornik-radiowy-mobilus-modul-mob-iq-cm\/","title":{"rendered":"Odbiornik radiowy Mobilus C-SW 2"},"content":{"rendered":"<p>MOBILUS C-SW-2, to podtynkowy modu\u0142 radiowy przeznaczony do sterowania (w\u0142\u0105czanie \/ wy\u0142\u0105czania) odbiornik\u00f3w elektrycznych o mocy do 0,9 kW np.: o\u015bwietlenia wewn\u0119trznego i zewn\u0119trznego, elektrozaworu, zraszacza ogrodowego.<\/p>\n<p>Wersja 2-kana\u0142owa modu\u0142u pozwala na jednoczesne pod\u0142\u0105czenie i sterowanie radiowo dwoma urz\u0105dzeniami np. dwa \u017ar\u00f3d\u0142a \u015bwiat\u0142a. Obs\u0142uga urz\u0105dze\u0144 odbywa si\u0119 za pomoc\u0105 pilot\u00f3w COSMO.<\/p>\n<p>Modu\u0142 C-SW-2 pracuje w standardzie dwukierunkowej komunikacji COSMO | 2WAY umo\u017cliwiaj\u0105cy przesy\u0142anie informacji zwrotnej o stanie odbiornika (w\u0142\u0105czone \/ wy\u0142\u0105czone).<\/p>\n<p>Wsp\u00f3\u0142praca modu\u0142u C-SW-2 z centralk\u0105 inteligentnego domu MOBILUS COSMO | GTW, pozwala na sterowanie urz\u0105dzeniami z dowolnego miejsca na \u015bwiecie poprzez telefon, tablet z systemem Android lub iOS oraz za pomoc\u0105 przegl\u0105darki internetowej.<\/p>\n<p>Dzi\u0119ki u\u017cyciu wysokiej jako\u015bci materia\u0142\u00f3w oraz sta\u0142emu nadzorowi jako\u015bciowemu podczas procesu produkcji, gwarantujemy bezawaryjn\u0105 prac\u0119 urz\u0105dzenia.<\/p>\n<p>Modu\u0142 przeznaczony do monta\u017cu w puszce podtynkowej.<\/p>\n<p>Specyfikacja:<\/p>\n<p>ODBIORNIK RADIOWY: W\u0141\u0104CZNIK PRZEKA\u0179NIKOWY ON\/OFF<br \/>\nKOMUNIKACJA DWUKIERUNKOWA COSMO | 2WAY<br \/>\nMOC ODBIORNIK\u00d3W: DO 0,9 kW<br \/>\nWBUDOWANY REPEATER SYGNA\u0141U<br \/>\nKOD DYNAMICZNY<br \/>\nMODULACJA FSK<br \/>\n868 MHz<br \/>\n230 V~ 50 Hz 16A<\/p>\n<p>Gwarancja 2 lata<\/p>\n","protected":false},"excerpt":{"rendered":"<p>odbiornik radiowy 2 kana\u0142owy<\/p>\n","protected":false},"featured_media":1420,"template":"","meta":{"_seopress_robots_primary_cat":"none","_seopress_titles_title":"","_seopress_titles_desc":"","_seopress_robots_index":""},"product_cat":[59,24],"product_tag":[],"class_list":{"0":"post-821","1":"product","2":"type-product","3":"status-publish","4":"has-post-thumbnail","6":"product_cat-moduly-mobilus","7":"product_cat-mobilus","9":"first","10":"instock","11":"shipping-taxable","12":"purchasable","13":"product-type-simple"},"_links":{"self":[{"href":"https:\/\/www.mobilus.org\/sklep\/wp-json\/wp\/v2\/product\/821","targetHints":{"allow":["GET"]}}],"collection":[{"href":"https:\/\/www.mobilus.org\/sklep\/wp-json\/wp\/v2\/product"}],"about":[{"href":"https:\/\/www.mobilus.org\/sklep\/wp-json\/wp\/v2\/types\/product"}],"wp:featuredmedia":[{"embeddable":true,"href":"https:\/\/www.mobilus.org\/sklep\/wp-json\/wp\/v2\/media\/1420"}],"wp:attachment":[{"href":"https:\/\/www.mobilus.org\/sklep\/wp-json\/wp\/v2\/media?parent=821"}],"wp:term":[{"taxonomy":"product_cat","embeddable":true,"href":"https:\/\/www.mobilus.org\/sklep\/wp-json\/wp\/v2\/product_cat?post=821"},{"taxonomy":"product_tag","embeddable":true,"href":"https:\/\/www.mobilus.org\/sklep\/wp-json\/wp\/v2\/product_tag?post=821"}],"curies":[{"name":"wp","href":"https:\/\/api.w.org\/{rel}","templated":true}]}}