{"id":818,"date":"2019-01-12T11:39:18","date_gmt":"2019-01-12T11:39:18","guid":{"rendered":"https:\/\/www.mobilus.org\/?post_type=product&#038;p=818"},"modified":"2024-11-10T23:46:49","modified_gmt":"2024-11-10T23:46:49","slug":"odbiornik-radiowy-mobilus-c-ar","status":"publish","type":"product","link":"https:\/\/www.mobilus.org\/sklep\/produkt\/odbiornik-radiowy-mobilus-c-ar\/","title":{"rendered":"Odbiornik radiowy Mobilus C-AR"},"content":{"rendered":"<p>MOBILUS C-AR podtynkowy modu\u0142 radiowy przeznaczony do wsp\u00f3\u0142pracy z centralk\u0105 alarmow\u0105. Otrzymanie sygna\u0142u od centrali alarmowej powoduje wys\u0142anie przez modu\u0142 MOBILUS C-AR zdefiniowanego rozkazu np. PODNIE\u015a, OPU\u015a\u0106, W\u0141\u0104CZ, WY\u0141\u0104CZ do powi\u0105zanych z nim odbiornik\u00f3w np.: bram wjazdowych i gara\u017cowych, rolet, \u017caluzji, markiz, o\u015bwietlenia, elektrozawor\u00f3w, odbiornik\u00f3w elektrycznych typu ON \/ OFF.Modu\u0142 przeznaczony do monta\u017cu w puszce podtynkowej.<\/p>\n<p>Sprawd\u017a kompatybilno\u015b\u0107 produkt\u00f3w Mobilus<br \/>\nSpecyfikacja:<br \/>\nNADAJNIK RADIOWY: SYGNA\u0141 Z CENTRALI ALARMOWEJ<br \/>\nKOD DYNAMICZNY<br \/>\nMODULACJA FSK<br \/>\n868 MHz<br \/>\n230 V ~ 50 Hz<\/p>\n<p>produkcja Polska<br \/>\ngwarancja 2 lata<\/p>\n","protected":false},"excerpt":{"rendered":"<p align=\"justify\"><span style=\"font-family: Arial, serif;\"><span style=\"font-size: medium;\"><span lang=\"pl-PL\">Mobilus C-AR to specjalistyczny modu\u0142 radiowy, kt\u00f3ry jest dedykowany do pracy z central\u0105 alarmow\u0105. Wysy\u0142a one bezpo\u015brednio sygna\u0142 do C-AR, odczytuje on i wykonuje rozkaz typu: w\u0142\u0105cz, wy\u0142\u0105cz, opu\u015b\u0107, podnie\u015b. Modu\u0142 ten mo\u017ce wsp\u00f3\u0142pracowa\u0107 z ka\u017cdym systemem automatyki.<\/span><\/span><\/span><\/p>\n","protected":false},"featured_media":814,"template":"","meta":{"_seopress_robots_primary_cat":"none","_seopress_titles_title":"","_seopress_titles_desc":"","_seopress_robots_index":""},"product_cat":[59,24],"product_tag":[],"class_list":{"0":"post-818","1":"product","2":"type-product","3":"status-publish","4":"has-post-thumbnail","6":"product_cat-moduly-mobilus","7":"product_cat-mobilus","9":"first","10":"instock","11":"shipping-taxable","12":"purchasable","13":"product-type-simple"},"_links":{"self":[{"href":"https:\/\/www.mobilus.org\/sklep\/wp-json\/wp\/v2\/product\/818","targetHints":{"allow":["GET"]}}],"collection":[{"href":"https:\/\/www.mobilus.org\/sklep\/wp-json\/wp\/v2\/product"}],"about":[{"href":"https:\/\/www.mobilus.org\/sklep\/wp-json\/wp\/v2\/types\/product"}],"wp:featuredmedia":[{"embeddable":true,"href":"https:\/\/www.mobilus.org\/sklep\/wp-json\/wp\/v2\/media\/814"}],"wp:attachment":[{"href":"https:\/\/www.mobilus.org\/sklep\/wp-json\/wp\/v2\/media?parent=818"}],"wp:term":[{"taxonomy":"product_cat","embeddable":true,"href":"https:\/\/www.mobilus.org\/sklep\/wp-json\/wp\/v2\/product_cat?post=818"},{"taxonomy":"product_tag","embeddable":true,"href":"https:\/\/www.mobilus.org\/sklep\/wp-json\/wp\/v2\/product_tag?post=818"}],"curies":[{"name":"wp","href":"https:\/\/api.w.org\/{rel}","templated":true}]}}