{"id":817,"date":"2019-01-12T11:38:18","date_gmt":"2019-01-12T11:38:18","guid":{"rendered":"https:\/\/www.mobilus.org\/?post_type=product&#038;p=817"},"modified":"2024-11-10T23:51:41","modified_gmt":"2024-11-10T23:51:41","slug":"odbiornik-radiowy-mobilus-c-zr","status":"publish","type":"product","link":"https:\/\/www.mobilus.org\/sklep\/produkt\/odbiornik-radiowy-mobilus-c-zr\/","title":{"rendered":"Odbiornik radiowy Mobilus C-ZR"},"content":{"rendered":"<p>MOBILUS C-ZR podtynkowy modu\u0142 radiowy przeznaczony do sterowania \u017caluzj\u0105 wyposa\u017con\u0105 w si\u0142ownik.<\/p>\n<p>Modu\u0142 C-ZR pracuje w standardzie dwukierunkowej komunikacji COSMO | 2WAY. Umo\u017cliwia on sterowanie pozycj\u0105 \u017caluzji (g\u00f3ra \/ d\u00f3\u0142) i ustawieniem k\u0105ta wychylenia lameli. Dodatkowo pozwala on na przesy\u0142anie informacji zwrotnej o pozycji \u017caluzji, jej stanie (% podniesione\/ opuszczone) oraz k\u0105cie wychylenia lameli. Wsp\u00f3\u0142praca modu\u0142u C-ZR z centralk\u0105 inteligentnego domu COSMO | GTW MOBILUS, pozwala na sterowanie urz\u0105dzeniami z dowolnego miejsca na \u015bwiecie poprzez telefon, tablet z systemem Android lub IOS oraz za pomoc\u0105 przegl\u0105darki internetowej.<\/p>\n<p>Mo\u017cliwo\u015b\u0107 zwi\u0119kszenia zasi\u0119gu sygna\u0142u radiowego dzi\u0119ki zastosowaniu funkcji repeatera sygna\u0142u.<\/p>\n<p>Modu\u0142 przeznaczony do monta\u017cu w puszce podtynkowej.<\/p>\n<p>Specyfikacja:<br \/>\nODBIORNIK RADIOWY: MO\u017bLIWO\u015a\u0106 RADIOWEJ OBS\u0141UGI \u017bALUZJI ORAZ USTAWIANIA K\u0104TA WYCHYLENIA LAMELI<br \/>\nKOD DYNAMICZNY<br \/>\nKOMUNIKACJA DWUKIERUNKOWA<br \/>\nWBUDOWANY REPEATER SYGNA\u0141U<br \/>\nMODULACJA FSK<br \/>\n868 MHz<br \/>\n230 V ~ 50 Hz<br \/>\nZdalnie obs\u0142uguj \u017caluzje i ustawienie k\u0105ta lameli<\/p>\n<p>produkcja Polska<br \/>\ngwarancja 2 lata<\/p>\n","protected":false},"excerpt":{"rendered":"<p align=\"justify\"><span style=\"font-family: Arial, serif;\"><span style=\"font-size: medium;\"><span lang=\"pl-PL\">Odbiornik do \u017caluzji Mobilus C-ZR<\/span><\/span><\/span><\/p>\n","protected":false},"featured_media":814,"template":"","meta":{"_seopress_robots_primary_cat":"none","_seopress_titles_title":"","_seopress_titles_desc":"","_seopress_robots_index":""},"product_cat":[59,24],"product_tag":[],"class_list":{"0":"post-817","1":"product","2":"type-product","3":"status-publish","4":"has-post-thumbnail","6":"product_cat-moduly-mobilus","7":"product_cat-mobilus","9":"first","10":"instock","11":"shipping-taxable","12":"purchasable","13":"product-type-simple"},"_links":{"self":[{"href":"https:\/\/www.mobilus.org\/sklep\/wp-json\/wp\/v2\/product\/817","targetHints":{"allow":["GET"]}}],"collection":[{"href":"https:\/\/www.mobilus.org\/sklep\/wp-json\/wp\/v2\/product"}],"about":[{"href":"https:\/\/www.mobilus.org\/sklep\/wp-json\/wp\/v2\/types\/product"}],"wp:featuredmedia":[{"embeddable":true,"href":"https:\/\/www.mobilus.org\/sklep\/wp-json\/wp\/v2\/media\/814"}],"wp:attachment":[{"href":"https:\/\/www.mobilus.org\/sklep\/wp-json\/wp\/v2\/media?parent=817"}],"wp:term":[{"taxonomy":"product_cat","embeddable":true,"href":"https:\/\/www.mobilus.org\/sklep\/wp-json\/wp\/v2\/product_cat?post=817"},{"taxonomy":"product_tag","embeddable":true,"href":"https:\/\/www.mobilus.org\/sklep\/wp-json\/wp\/v2\/product_tag?post=817"}],"curies":[{"name":"wp","href":"https:\/\/api.w.org\/{rel}","templated":true}]}}