{"id":816,"date":"2019-01-12T11:36:42","date_gmt":"2019-01-12T11:36:42","guid":{"rendered":"https:\/\/www.mobilus.org\/?post_type=product&#038;p=816"},"modified":"2024-11-10T23:51:05","modified_gmt":"2024-11-10T23:51:05","slug":"odbiornik-radiowy-mobilus-c-gr","status":"publish","type":"product","link":"https:\/\/www.mobilus.org\/sklep\/produkt\/odbiornik-radiowy-mobilus-c-gr\/","title":{"rendered":"Odbiornik radiowy Mobilus C-GR"},"content":{"rendered":"<p>MOBILUS C-GR &#8211; modu\u0142 radiowy przeznaczony do sterowania bram\u0105 wjazdow\u0105 lub gara\u017cow\u0105 wyposa\u017con\u0105 w si\u0142ownik. Modu\u0142 C-GR pracuje w standardzie dwukierunkowej komunikacji COSMO | 2WAY.<\/p>\n<p>Uwaga : Rekomendujemy wykorzystanie dodatkowych czujnik\u00f3w (kontaktron\u00f3w) podczas instalacji modu\u0142u w celu wykorzystania funkcji przesy\u0142ania informacji zwrotnej o pozycji bramy wjazdowej lub gara\u017cowej (otwarta \/ zamkni\u0119ta).<\/p>\n<p>Wsp\u00f3\u0142praca modu\u0142u C-GR z centralk\u0105 inteligentnego domu COSMO | GTW MOBILUS, pozwala na sterowanie urz\u0105dzeniami z dowolnego miejsca na \u015bwiecie poprzez telefon, tablet z systemem Android lub IOS oraz za pomoc\u0105 przegl\u0105darki internetowej.<\/p>\n<p>Mo\u017cliwo\u015b\u0107 zwi\u0119kszenia zasi\u0119gu sygna\u0142u radiowego dzi\u0119ki zastosowaniu funkcji repeatera sygna\u0142u.<\/p>\n<p>Dzi\u0119ki u\u017cyciu wysokiej jako\u015bci materia\u0142\u00f3w oraz sta\u0142emu nadzorowi jako\u015bciowemu podczas procesu produkcji, gwarantujemy bezawaryjn\u0105 prac\u0119 urz\u0105dzenia.<\/p>\n<p>Specyfikacja:<br \/>\nODBIORNIK RADIOWY: STEROWANIE BRAMAMI WJAZDOWYMI LUB GARA\u017bOWYMI<br \/>\nKOD DYNAMICZNY<br \/>\nKOMUNIKACJA DWUKIERUNKOWA<br \/>\nWBUDOWANY REPEATER SYGNA\u0141U<br \/>\nMODULACJA FSK<br \/>\n868 MHz<br \/>\n230 V ~ 50 Hz<\/p>\n<p>produkcja Polska<br \/>\ngwarancja 2 lata<\/p>\n","protected":false},"excerpt":{"rendered":"<p align=\"justify\"><span style=\"font-family: Arial, serif;\"><span style=\"font-size: medium;\"><span lang=\"pl-PL\">Odbiornik Mobilus C-GR to specjalistyczny modu\u0142 radiowy wsp\u00f3\u0142pracuj\u0105cy zar\u00f3wno z automatyk\u0105 bram gara\u017cowych, jak i roletami. Dzi\u0119ki \u0142\u0105czeniu si\u0119 z central\u0105 steruj\u0105c\u0105 systemami inteligentnego domu Cosmo GTW umo\u017cliwia sterowanie ka\u017cdym urz\u0105dzeniem z dowolnej lokalizacji za pomoc\u0105 telefonu.<\/span><\/span><\/span><\/p>\n","protected":false},"featured_media":814,"template":"","meta":{"_seopress_robots_primary_cat":"none","_seopress_titles_title":"","_seopress_titles_desc":"","_seopress_robots_index":""},"product_cat":[59,24],"product_tag":[],"class_list":{"0":"post-816","1":"product","2":"type-product","3":"status-publish","4":"has-post-thumbnail","6":"product_cat-moduly-mobilus","7":"product_cat-mobilus","9":"first","10":"instock","11":"shipping-taxable","12":"purchasable","13":"product-type-simple"},"_links":{"self":[{"href":"https:\/\/www.mobilus.org\/sklep\/wp-json\/wp\/v2\/product\/816","targetHints":{"allow":["GET"]}}],"collection":[{"href":"https:\/\/www.mobilus.org\/sklep\/wp-json\/wp\/v2\/product"}],"about":[{"href":"https:\/\/www.mobilus.org\/sklep\/wp-json\/wp\/v2\/types\/product"}],"wp:featuredmedia":[{"embeddable":true,"href":"https:\/\/www.mobilus.org\/sklep\/wp-json\/wp\/v2\/media\/814"}],"wp:attachment":[{"href":"https:\/\/www.mobilus.org\/sklep\/wp-json\/wp\/v2\/media?parent=816"}],"wp:term":[{"taxonomy":"product_cat","embeddable":true,"href":"https:\/\/www.mobilus.org\/sklep\/wp-json\/wp\/v2\/product_cat?post=816"},{"taxonomy":"product_tag","embeddable":true,"href":"https:\/\/www.mobilus.org\/sklep\/wp-json\/wp\/v2\/product_tag?post=816"}],"curies":[{"name":"wp","href":"https:\/\/api.w.org\/{rel}","templated":true}]}}