{"id":813,"date":"2019-01-12T11:33:15","date_gmt":"2019-01-12T11:33:15","guid":{"rendered":"https:\/\/www.mobilus.org\/?post_type=product&#038;p=813"},"modified":"2024-11-11T00:05:32","modified_gmt":"2024-11-11T00:05:32","slug":"odbiornik-radiowy-mobilus-c-mr","status":"publish","type":"product","link":"https:\/\/www.mobilus.org\/sklep\/produkt\/odbiornik-radiowy-mobilus-c-mr\/","title":{"rendered":"Odbiornik radiowy Mobilus C-MR"},"content":{"rendered":"<p>Mobilus C-MR &#8211; podtynkowy odbiornik radiowy przeznaczony do sterowania rolet\u0105, bram\u0105 rolowan\u0105 wyposa\u017con\u0105 w si\u0142ownik z mechanicznie regulowan\u0105 pozycj\u0105 kra\u0144cow\u0105.<br \/>\nModu\u0142 C-MR umo\u017cliwia sterowanie rolet\u0105 lub bram\u0105 za pomoc\u0105 \u0142\u0105cznika klawiszowego (z podtrzymaniem, bez podtrzymania, dzwonkowym), lub za pomoc\u0105 pilota.<br \/>\nModu\u0142 C-MR pracuje w standardzie w dwukierunkowej komunikacji COSMO | 2WAY, co umo\u017cliwia przesy\u0142anie informacji zwrotnej dot. pozycji urz\u0105dzenia oraz jego stanu (w\u0142\u0105czone \/ wy\u0142\u0105czone). Wsp\u00f3\u0142praca modu\u0142u C-MR z centralk\u0105 inteligentnego domu COSMO | GTW MOBILUS, pozwala na sterowanie urz\u0105dzeniami z dowolnego miejsca na \u015bwiecie poprzez telefon, tablet z systemem Android lub IOS oraz za pomoc\u0105 przegl\u0105darki internetowej.<br \/>\nMo\u017cliwo\u015b\u0107 zwi\u0119kszenia zasi\u0119gu sygna\u0142u radiowego dzi\u0119ki zastosowaniu funkcji repeatera sygna\u0142u.<br \/>\nModu\u0142 przeznaczony do monta\u017cu w puszce podtynkowej.<br \/>\nDzi\u0119ki u\u017cyciu wysokiej jako\u015bci materia\u0142\u00f3w oraz sta\u0142emu nadzorowi jako\u015bciowemu podczas procesu produkcji, gwarantujemy bezawaryjn\u0105 prac\u0119 urz\u0105dzenia.<\/p>\n<p>specyfikacja:<br \/>\nodbiornik radiowy: mo\u017cliwo\u015b\u0107 radiowej obs\u0142ugi rolety<br \/>\nkomunikacja dwukierunkowa Cosmo | 2WAY<br \/>\ndetekcja pozycji kra\u0144cowych<br \/>\nzmienny czas podtrzymania przeka\u017anik\u00f3w<br \/>\nsterowanie r\u00f3\u017cnymi \u0142\u0105cznikami klawiszowymi (z podtrzymaniem, bez podtrzymania, dzwonkowy)<br \/>\nwbudowany repeater sygna\u0142u<br \/>\nkod dynamiczny<br \/>\nmodulacja FSK<br \/>\n868 MHz<br \/>\n230 v~ 50 Hz<\/p>\n<p>produkcja Polska<\/p>\n","protected":false},"excerpt":{"rendered":"<p align=\"justify\"><span style=\"font-family: Arial, serif;\"><span style=\"font-size: medium;\"><span lang=\"pl-PL\">Odbiornik radiowy Mobilus C-MR nale\u017cy do podtynkowych odbiornik\u00f3w radiowych dedykowanych do wsp\u00f3\u0142pracy z bramami automatycznymi oraz nap\u0119dami do rolet. Specjalistyczny modu\u0142 pozwala na bezprzewodowe sterowanie ka\u017cdym systemem za pomoc\u0105 pilota b\u0105d\u017a \u0142\u0105cznika klawiszowego.<\/span><\/span><\/span><\/p>\n","protected":false},"featured_media":814,"template":"","meta":{"_seopress_robots_primary_cat":"none","_seopress_titles_title":"","_seopress_titles_desc":"","_seopress_robots_index":""},"product_cat":[59,24],"product_tag":[],"class_list":{"0":"post-813","1":"product","2":"type-product","3":"status-publish","4":"has-post-thumbnail","6":"product_cat-moduly-mobilus","7":"product_cat-mobilus","9":"first","10":"instock","11":"shipping-taxable","12":"purchasable","13":"product-type-simple"},"_links":{"self":[{"href":"https:\/\/www.mobilus.org\/sklep\/wp-json\/wp\/v2\/product\/813","targetHints":{"allow":["GET"]}}],"collection":[{"href":"https:\/\/www.mobilus.org\/sklep\/wp-json\/wp\/v2\/product"}],"about":[{"href":"https:\/\/www.mobilus.org\/sklep\/wp-json\/wp\/v2\/types\/product"}],"wp:featuredmedia":[{"embeddable":true,"href":"https:\/\/www.mobilus.org\/sklep\/wp-json\/wp\/v2\/media\/814"}],"wp:attachment":[{"href":"https:\/\/www.mobilus.org\/sklep\/wp-json\/wp\/v2\/media?parent=813"}],"wp:term":[{"taxonomy":"product_cat","embeddable":true,"href":"https:\/\/www.mobilus.org\/sklep\/wp-json\/wp\/v2\/product_cat?post=813"},{"taxonomy":"product_tag","embeddable":true,"href":"https:\/\/www.mobilus.org\/sklep\/wp-json\/wp\/v2\/product_tag?post=813"}],"curies":[{"name":"wp","href":"https:\/\/api.w.org\/{rel}","templated":true}]}}