{"id":810,"date":"2019-01-12T11:21:13","date_gmt":"2019-01-12T11:21:13","guid":{"rendered":"https:\/\/www.mobilus.org\/?post_type=product&#038;p=810"},"modified":"2024-10-20T18:14:10","modified_gmt":"2024-10-20T18:14:10","slug":"dzu","status":"publish","type":"product","link":"https:\/\/www.mobilus.org\/sklep\/produkt\/dzu\/","title":{"rendered":"przeka\u017anik DZU"},"content":{"rendered":"<p align=\"justify\"><span style=\"font-family: Arial, serif;\"><span style=\"font-size: medium;\"><span lang=\"pl-PL\">Centrala D2 umo\u017cliwia podzia\u0142 sterowania automatyk\u0105, dzi\u0119ki podzieleniu grup urz\u0105dze\u0144 na dwie mniejsze podgrupy. Sprawia to, \u017ce jednym wy\u0142\u0105cznikiem centralnym mo\u017cna modyfikowa\u0107 parametry wszystkich system\u00f3w. <\/span><\/span><\/span><\/p>\n<p><a class=\"corebutton\" href=\"https:\/\/silnikdorolet.pl\/sterowanie-przewodowe-mobilus\/153-d2-rozdzielacz-grup-systemu-dzu.html\">ZOBACZ PRODUKT<\/a><\/p>\n","protected":false},"excerpt":{"rendered":"<p align=\"justify\"><span style=\"font-family: Arial, serif;\"><span style=\"font-size: medium;\"><span lang=\"pl-PL\">Centrala D2 umo\u017cliwia podzia\u0142 sterowania automatyk\u0105, dzi\u0119ki podzieleniu grup urz\u0105dze\u0144 na dwie mniejsze podgrupy. Sprawia to, \u017ce jednym wy\u0142\u0105cznikiem centralnym mo\u017cna modyfikowa\u0107 parametry wszystkich system\u00f3w. <\/span><\/span><\/span><\/p>\n","protected":false},"featured_media":1250,"template":"","meta":{"_seopress_robots_primary_cat":"none","_seopress_titles_title":"","_seopress_titles_desc":"","_seopress_robots_index":""},"product_cat":[61,24],"product_tag":[],"class_list":{"0":"post-810","1":"product","2":"type-product","3":"status-publish","4":"has-post-thumbnail","6":"product_cat-mobilus-sterowanie-przewodowe","7":"product_cat-mobilus","9":"first","10":"instock","11":"shipping-taxable","12":"purchasable","13":"product-type-simple"},"_links":{"self":[{"href":"https:\/\/www.mobilus.org\/sklep\/wp-json\/wp\/v2\/product\/810","targetHints":{"allow":["GET"]}}],"collection":[{"href":"https:\/\/www.mobilus.org\/sklep\/wp-json\/wp\/v2\/product"}],"about":[{"href":"https:\/\/www.mobilus.org\/sklep\/wp-json\/wp\/v2\/types\/product"}],"wp:featuredmedia":[{"embeddable":true,"href":"https:\/\/www.mobilus.org\/sklep\/wp-json\/wp\/v2\/media\/1250"}],"wp:attachment":[{"href":"https:\/\/www.mobilus.org\/sklep\/wp-json\/wp\/v2\/media?parent=810"}],"wp:term":[{"taxonomy":"product_cat","embeddable":true,"href":"https:\/\/www.mobilus.org\/sklep\/wp-json\/wp\/v2\/product_cat?post=810"},{"taxonomy":"product_tag","embeddable":true,"href":"https:\/\/www.mobilus.org\/sklep\/wp-json\/wp\/v2\/product_tag?post=810"}],"curies":[{"name":"wp","href":"https:\/\/api.w.org\/{rel}","templated":true}]}}