{"id":806,"date":"2019-01-12T11:15:29","date_gmt":"2019-01-12T11:15:29","guid":{"rendered":"https:\/\/www.mobilus.org\/?post_type=product&#038;p=806"},"modified":"2021-10-25T20:00:31","modified_gmt":"2021-10-25T20:00:31","slug":"przelacznik-do-rolet-mobilus","status":"publish","type":"product","link":"https:\/\/www.mobilus.org\/sklep\/produkt\/przelacznik-do-rolet-mobilus\/","title":{"rendered":"Prze\u0142\u0105cznik do rolet Mobilus"},"content":{"rendered":"<p align=\"justify\"><span style=\"font-family: Arial, serif;\"><span style=\"font-size: medium;\"><span lang=\"pl-PL\">Prze\u0142\u0105cznik astabilny Mobilus idealnie wsp\u00f3\u0142pracuje z przeka\u017anikami i odbiornikami radiowymi do rolet. Sterowanie: g\u00f3ra, stop, d\u00f3\u0142 Monta\u017c w standardowej puszcze podtynkowej.<\/span><\/span><\/span><\/p>\n<p><a class=\"corebutton\" href=\"https:\/\/silnikdorolet.pl\/przelaczniki-dwuklawiszowe\/944-przelacznik-astabilny-mobilus.html\">ZOBACZ PRODUKT<\/a><\/p>\n","protected":false},"excerpt":{"rendered":"<p align=\"justify\"><span style=\"font-family: Arial, serif;\"><span style=\"font-size: medium;\"><span lang=\"pl-PL\">Prze\u0142\u0105cznik astabilny Mobilus idealnie wsp\u00f3\u0142pracuje z przeka\u017anikami i odbiornikami radiowymi do rolet. Sterowanie: g\u00f3ra, stop, d\u00f3\u0142 Monta\u017c w standardowej puszcze podtynkowej.<\/span><\/span><\/span><\/p>\n","protected":false},"featured_media":807,"template":"","meta":{"_seopress_robots_primary_cat":"","_seopress_titles_title":"","_seopress_titles_desc":"","_seopress_robots_index":""},"product_cat":[24],"product_tag":[],"class_list":{"0":"post-806","1":"product","2":"type-product","3":"status-publish","4":"has-post-thumbnail","6":"product_cat-mobilus","8":"first","9":"instock","10":"shipping-taxable","11":"purchasable","12":"product-type-simple"},"_links":{"self":[{"href":"https:\/\/www.mobilus.org\/sklep\/wp-json\/wp\/v2\/product\/806","targetHints":{"allow":["GET"]}}],"collection":[{"href":"https:\/\/www.mobilus.org\/sklep\/wp-json\/wp\/v2\/product"}],"about":[{"href":"https:\/\/www.mobilus.org\/sklep\/wp-json\/wp\/v2\/types\/product"}],"wp:featuredmedia":[{"embeddable":true,"href":"https:\/\/www.mobilus.org\/sklep\/wp-json\/wp\/v2\/media\/807"}],"wp:attachment":[{"href":"https:\/\/www.mobilus.org\/sklep\/wp-json\/wp\/v2\/media?parent=806"}],"wp:term":[{"taxonomy":"product_cat","embeddable":true,"href":"https:\/\/www.mobilus.org\/sklep\/wp-json\/wp\/v2\/product_cat?post=806"},{"taxonomy":"product_tag","embeddable":true,"href":"https:\/\/www.mobilus.org\/sklep\/wp-json\/wp\/v2\/product_tag?post=806"}],"curies":[{"name":"wp","href":"https:\/\/api.w.org\/{rel}","templated":true}]}}