{"id":783,"date":"2019-01-11T16:46:28","date_gmt":"2019-01-11T16:46:28","guid":{"rendered":"https:\/\/www.mobilus.org\/?post_type=product&#038;p=783"},"modified":"2021-12-03T16:20:46","modified_gmt":"2021-12-03T16:20:46","slug":"silnik-do-rolet-mobilus-m45-ep-15-17","status":"publish","type":"product","link":"https:\/\/www.mobilus.org\/sklep\/produkt\/silnik-do-rolet-mobilus-m45-ep-15-17\/","title":{"rendered":"Silnik do rolet Mobilus M45 EP 15\/17"},"content":{"rendered":"<div class=\"content_block\" id=\"custom_post_widget-681\"><p><img loading=\"lazy\" decoding=\"async\" class=\"\" src=\"https:\/\/www.mobilus.org\/wp-content\/uploads\/2019\/01\/mobilus_logo.png\" width=\"350\" height=\"112\" \/><\/p>\n<\/div>\n<p align=\"justify\"><span style=\"font-family: Arial, serif;\"><span style=\"font-size: medium;\"><span lang=\"pl-PL\">Silniki do rolet Mobilus serii M45 znajduj\u0105 szerokie zastosowanie mi\u0119dzy innymi w roletach, bramach rolowanych oraz markiz dzi\u0119ki specjalnemu \u0142\u0105cznikowi na\u015bciennemu. Wykorzystano w nich mechaniczne wy\u0142\u0105czniki kra\u0144cowe, kt\u00f3re wp\u0142ywaj\u0105 na szybkie i proste u\u017cytkowanie oraz system detekcji przeszk\u00f3d zapewniaj\u0105cy bezpieczne u\u017cytkowanie.<\/span><\/span><\/span><\/p>\n<p><a class=\"corebutton\" href=\"https:\/\/silnikdorolet.pl\/mobilus-m45-do-rur-nawojowych-o60\/764-silnik-mobilus-m45-es-1317.html\">ZOBACZ PRODUKT<\/a><\/p>\n","protected":false},"excerpt":{"rendered":"<p align=\"justify\"><span style=\"font-family: Arial, serif;\"><span style=\"font-size: medium;\"><span lang=\"pl-PL\">Silniki do rolet Mobilus serii M45 znajduj\u0105 szerokie zastosowanie mi\u0119dzy innymi w roletach, bramach rolowanych oraz markiz dzi\u0119ki specjalnemu \u0142\u0105cznikowi na\u015bciennemu. Wykorzystano w nich mechaniczne wy\u0142\u0105czniki kra\u0144cowe, kt\u00f3re wp\u0142ywaj\u0105 na szybkie i proste u\u017cytkowanie oraz system detekcji przeszk\u00f3d zapewniaj\u0105cy bezpieczne u\u017cytkowanie.<\/span><\/span><\/span><\/p>\n","protected":false},"featured_media":677,"template":"","meta":{"_seopress_robots_primary_cat":"","_seopress_titles_title":"","_seopress_titles_desc":"","_seopress_robots_index":""},"product_cat":[62,24],"product_tag":[],"class_list":{"0":"post-783","1":"product","2":"type-product","3":"status-publish","4":"has-post-thumbnail","6":"product_cat-silniki-mobilus","7":"product_cat-mobilus","9":"first","10":"instock","11":"shipping-taxable","12":"purchasable","13":"product-type-simple"},"_links":{"self":[{"href":"https:\/\/www.mobilus.org\/sklep\/wp-json\/wp\/v2\/product\/783","targetHints":{"allow":["GET"]}}],"collection":[{"href":"https:\/\/www.mobilus.org\/sklep\/wp-json\/wp\/v2\/product"}],"about":[{"href":"https:\/\/www.mobilus.org\/sklep\/wp-json\/wp\/v2\/types\/product"}],"wp:featuredmedia":[{"embeddable":true,"href":"https:\/\/www.mobilus.org\/sklep\/wp-json\/wp\/v2\/media\/677"}],"wp:attachment":[{"href":"https:\/\/www.mobilus.org\/sklep\/wp-json\/wp\/v2\/media?parent=783"}],"wp:term":[{"taxonomy":"product_cat","embeddable":true,"href":"https:\/\/www.mobilus.org\/sklep\/wp-json\/wp\/v2\/product_cat?post=783"},{"taxonomy":"product_tag","embeddable":true,"href":"https:\/\/www.mobilus.org\/sklep\/wp-json\/wp\/v2\/product_tag?post=783"}],"curies":[{"name":"wp","href":"https:\/\/api.w.org\/{rel}","templated":true}]}}