{"id":767,"date":"2019-01-11T16:24:16","date_gmt":"2019-01-11T16:24:16","guid":{"rendered":"https:\/\/www.mobilus.org\/?post_type=product&#038;p=767"},"modified":"2021-12-03T16:19:41","modified_gmt":"2021-12-03T16:19:41","slug":"silnik-do-rolet-mobilus-m45-mr-25-14","status":"publish","type":"product","link":"https:\/\/www.mobilus.org\/sklep\/produkt\/silnik-do-rolet-mobilus-m45-mr-25-14\/","title":{"rendered":"Silnik do rolet Mobilus M45 MR 25\/14"},"content":{"rendered":"<div class=\"content_block\" id=\"custom_post_widget-681\"><p><img loading=\"lazy\" decoding=\"async\" class=\"\" src=\"https:\/\/www.mobilus.org\/wp-content\/uploads\/2019\/01\/mobilus_logo.png\" width=\"350\" height=\"112\" \/><\/p>\n<\/div>\n<p align=\"justify\"><span style=\"font-family: Arial, serif;\"><span style=\"font-size: medium;\"><span lang=\"pl-PL\">Silniki do rolet Mobilus serii M45 to urz\u0105dzenia dedykowane do sterowania wszystkimi systemami inteligentnego domu. Seri\u0119 MR wyr\u00f3\u017cnia wbudowany odbiornik radiowy, kt\u00f3ry zwi\u0119ksza zastosowanie mniejszych nap\u0119d\u00f3w w naszej ofercie.<\/span><\/span><\/span><\/p>\n<p><a class=\"corebutton\" href=\"https:\/\/silnikdorolet.pl\/mobilus-m45-do-rur-nawojowych-o60\/109-silnik-mobilus-m45-mr-1517.html\">ZOBACZ PRODUKT<\/a><\/p>\n","protected":false},"excerpt":{"rendered":"<p align=\"justify\"><span style=\"font-family: Arial, serif;\"><span style=\"font-size: medium;\"><span lang=\"pl-PL\">Silniki do rolet Mobilus serii M45 to urz\u0105dzenia dedykowane do sterowania wszystkimi systemami inteligentnego domu. Seri\u0119 MR wyr\u00f3\u017cnia wbudowany odbiornik radiowy, kt\u00f3ry zwi\u0119ksza zastosowanie mniejszych nap\u0119d\u00f3w w naszej ofercie.<\/span><\/span><\/span><\/p>\n","protected":false},"featured_media":677,"template":"","meta":{"_seopress_robots_primary_cat":"","_seopress_titles_title":"","_seopress_titles_desc":"","_seopress_robots_index":""},"product_cat":[62,24],"product_tag":[],"class_list":{"0":"post-767","1":"product","2":"type-product","3":"status-publish","4":"has-post-thumbnail","6":"product_cat-silniki-mobilus","7":"product_cat-mobilus","9":"first","10":"instock","11":"shipping-taxable","12":"purchasable","13":"product-type-simple"},"_links":{"self":[{"href":"https:\/\/www.mobilus.org\/sklep\/wp-json\/wp\/v2\/product\/767","targetHints":{"allow":["GET"]}}],"collection":[{"href":"https:\/\/www.mobilus.org\/sklep\/wp-json\/wp\/v2\/product"}],"about":[{"href":"https:\/\/www.mobilus.org\/sklep\/wp-json\/wp\/v2\/types\/product"}],"wp:featuredmedia":[{"embeddable":true,"href":"https:\/\/www.mobilus.org\/sklep\/wp-json\/wp\/v2\/media\/677"}],"wp:attachment":[{"href":"https:\/\/www.mobilus.org\/sklep\/wp-json\/wp\/v2\/media?parent=767"}],"wp:term":[{"taxonomy":"product_cat","embeddable":true,"href":"https:\/\/www.mobilus.org\/sklep\/wp-json\/wp\/v2\/product_cat?post=767"},{"taxonomy":"product_tag","embeddable":true,"href":"https:\/\/www.mobilus.org\/sklep\/wp-json\/wp\/v2\/product_tag?post=767"}],"curies":[{"name":"wp","href":"https:\/\/api.w.org\/{rel}","templated":true}]}}