{"id":715,"date":"2019-01-11T14:16:47","date_gmt":"2019-01-11T14:16:47","guid":{"rendered":"https:\/\/www.mobilus.org\/?post_type=product&#038;p=715"},"modified":"2024-10-20T18:17:17","modified_gmt":"2024-10-20T18:17:17","slug":"silnik-do-rolet-mobilus-m35-ers-13-14","status":"publish","type":"product","link":"https:\/\/www.mobilus.org\/sklep\/produkt\/silnik-do-rolet-mobilus-m35-ers-13-14\/","title":{"rendered":"Silnik do rolet Mobilus M35 ERS 13\/14"},"content":{"rendered":"<div class=\"content_block\" id=\"custom_post_widget-681\"><p><img loading=\"lazy\" decoding=\"async\" class=\"\" src=\"https:\/\/www.mobilus.org\/wp-content\/uploads\/2019\/01\/mobilus_logo.png\" width=\"350\" height=\"112\" \/><\/p>\n<\/div>\n<p align=\"justify\"><span style=\"font-family: Arial, serif;\"><span style=\"font-size: medium;\"><span lang=\"pl-PL\">Silniki do rolet Mobilus serii M35 to urz\u0105dzenia dostosowane do przewodowego sterowania za pomoc\u0105 \u0142\u0105cznika na\u015bciennego.Na ich wyposa\u017cenie sk\u0142adaj\u0105 si\u0119 elektroniczne kra\u0144c\u00f3wki oraz modu\u0142 radiowy zintegrowany z detektorem przeszk\u00f3d.<\/span><\/span><\/span><\/p>\n<p><a class=\"corebutton\" href=\"https:\/\/silnikdorolet.pl\/mobilus-m35-do-rur-nawojowych-o40\/508-silnik-mobilus-m35-ers-1314-.html\">ZOBACZ PRODUKT<\/a><\/p>\n","protected":false},"excerpt":{"rendered":"<p align=\"justify\"><span style=\"font-family: Arial, serif;\"><span style=\"font-size: medium;\"><span lang=\"pl-PL\">Silniki do rolet Mobilus serii M35 to urz\u0105dzenia dostosowane do przewodowego sterowania za pomoc\u0105 \u0142\u0105cznika na\u015bciennego.Na ich wyposa\u017cenie sk\u0142adaj\u0105 si\u0119 elektroniczne kra\u0144c\u00f3wki oraz modu\u0142 radiowy zintegrowany z detektorem przeszk\u00f3d.<\/span><\/span><\/span><\/p>\n","protected":false},"featured_media":677,"template":"","meta":{"_seopress_robots_primary_cat":"none","_seopress_titles_title":"","_seopress_titles_desc":"","_seopress_robots_index":""},"product_cat":[62,24],"product_tag":[],"class_list":{"0":"post-715","1":"product","2":"type-product","3":"status-publish","4":"has-post-thumbnail","6":"product_cat-silniki-mobilus","7":"product_cat-mobilus","9":"first","10":"instock","11":"shipping-taxable","12":"purchasable","13":"product-type-simple"},"_links":{"self":[{"href":"https:\/\/www.mobilus.org\/sklep\/wp-json\/wp\/v2\/product\/715","targetHints":{"allow":["GET"]}}],"collection":[{"href":"https:\/\/www.mobilus.org\/sklep\/wp-json\/wp\/v2\/product"}],"about":[{"href":"https:\/\/www.mobilus.org\/sklep\/wp-json\/wp\/v2\/types\/product"}],"wp:featuredmedia":[{"embeddable":true,"href":"https:\/\/www.mobilus.org\/sklep\/wp-json\/wp\/v2\/media\/677"}],"wp:attachment":[{"href":"https:\/\/www.mobilus.org\/sklep\/wp-json\/wp\/v2\/media?parent=715"}],"wp:term":[{"taxonomy":"product_cat","embeddable":true,"href":"https:\/\/www.mobilus.org\/sklep\/wp-json\/wp\/v2\/product_cat?post=715"},{"taxonomy":"product_tag","embeddable":true,"href":"https:\/\/www.mobilus.org\/sklep\/wp-json\/wp\/v2\/product_tag?post=715"}],"curies":[{"name":"wp","href":"https:\/\/api.w.org\/{rel}","templated":true}]}}