{"id":712,"date":"2019-01-11T14:09:01","date_gmt":"2019-01-11T14:09:01","guid":{"rendered":"https:\/\/www.mobilus.org\/?post_type=product&#038;p=712"},"modified":"2021-07-09T14:13:19","modified_gmt":"2021-07-09T14:13:19","slug":"silnik-do-rolet-mobilus-m35-ep-10-14","status":"publish","type":"product","link":"https:\/\/www.mobilus.org\/sklep\/produkt\/silnik-do-rolet-mobilus-m35-ep-10-14\/","title":{"rendered":"Silnik do rolet Mobilus M35 EP 10\/14"},"content":{"rendered":"<div class=\"content_block\" id=\"custom_post_widget-681\"><p><img loading=\"lazy\" decoding=\"async\" class=\"\" src=\"https:\/\/www.mobilus.org\/wp-content\/uploads\/2019\/01\/mobilus_logo.png\" width=\"350\" height=\"112\" \/><\/p>\n<\/div>\n<p align=\"justify\"><span style=\"font-family: Arial, serif;\"><span style=\"font-size: medium;\"><span lang=\"pl-PL\">Silnik do rolet Mobilus serii M35 to urz\u0105dzenia dostosowane do przewodowego po\u0142\u0105czenia z \u0142\u0105cznikami na\u015bciennymi. Wykorzystano w nich mechaniczne wy\u0142\u0105czniki kra\u0144cowe oraz detektor przeszk\u00f3d, kt\u00f3ry wp\u0142ywa na szybkie i proste u\u017cytkowanie.<\/span><\/span><\/span><\/p>\n<p><a class=\"corebutton\" href=\"https:\/\/silnikdorolet.pl\/mobilus-m35-do-rur-nawojowych-o40\/696-silnik-mobilus-m35-ep-1014.html\">ZOBACZ PRODUKT<\/a><\/p>\n","protected":false},"excerpt":{"rendered":"<p align=\"justify\"><span style=\"font-family: Arial, serif;\"><span style=\"font-size: medium;\"><span lang=\"pl-PL\">Silnik do rolet Mobilus serii M35 to urz\u0105dzenia dostosowane do przewodowego po\u0142\u0105czenia z \u0142\u0105cznikami na\u015bciennymi. Wykorzystano w nich mechaniczne wy\u0142\u0105czniki kra\u0144cowe oraz detektor przeszk\u00f3d, kt\u00f3ry wp\u0142ywa na szybkie i proste u\u017cytkowanie.<\/span><\/span><\/span><\/p>\n","protected":false},"featured_media":677,"template":"","meta":{"_seopress_robots_primary_cat":"","_seopress_titles_title":"","_seopress_titles_desc":"","_seopress_robots_index":""},"product_cat":[62,24],"product_tag":[],"class_list":{"0":"post-712","1":"product","2":"type-product","3":"status-publish","4":"has-post-thumbnail","6":"product_cat-silniki-mobilus","7":"product_cat-mobilus","9":"first","10":"instock","11":"shipping-taxable","12":"purchasable","13":"product-type-simple"},"_links":{"self":[{"href":"https:\/\/www.mobilus.org\/sklep\/wp-json\/wp\/v2\/product\/712","targetHints":{"allow":["GET"]}}],"collection":[{"href":"https:\/\/www.mobilus.org\/sklep\/wp-json\/wp\/v2\/product"}],"about":[{"href":"https:\/\/www.mobilus.org\/sklep\/wp-json\/wp\/v2\/types\/product"}],"wp:featuredmedia":[{"embeddable":true,"href":"https:\/\/www.mobilus.org\/sklep\/wp-json\/wp\/v2\/media\/677"}],"wp:attachment":[{"href":"https:\/\/www.mobilus.org\/sklep\/wp-json\/wp\/v2\/media?parent=712"}],"wp:term":[{"taxonomy":"product_cat","embeddable":true,"href":"https:\/\/www.mobilus.org\/sklep\/wp-json\/wp\/v2\/product_cat?post=712"},{"taxonomy":"product_tag","embeddable":true,"href":"https:\/\/www.mobilus.org\/sklep\/wp-json\/wp\/v2\/product_tag?post=712"}],"curies":[{"name":"wp","href":"https:\/\/api.w.org\/{rel}","templated":true}]}}