{"id":679,"date":"2019-01-08T17:27:32","date_gmt":"2019-01-08T17:27:32","guid":{"rendered":"https:\/\/www.mobilus.org\/?post_type=product&#038;p=679"},"modified":"2024-11-11T22:11:44","modified_gmt":"2024-11-11T22:11:44","slug":"silnik-do-rolet-mobilus-m35-m-10-14","status":"publish","type":"product","link":"https:\/\/www.mobilus.org\/sklep\/produkt\/silnik-do-rolet-mobilus-m35-m-10-14\/","title":{"rendered":"Silnik  do rolet Mobilus M35 M 10\/14"},"content":{"rendered":"<div class=\"content_block\" id=\"custom_post_widget-681\"><p><img loading=\"lazy\" decoding=\"async\" class=\"\" src=\"https:\/\/www.mobilus.org\/wp-content\/uploads\/2019\/01\/mobilus_logo.png\" width=\"350\" height=\"112\" \/><\/p>\n<\/div>\n<p align=\"justify\"><span style=\"font-family: Arial, serif;\"><span style=\"font-size: medium;\"><span lang=\"pl-PL\">Silnik do rolet Mobilus serii M35 s\u0105 to urz\u0105dzenia dostosowane do przewodowego sterowania roletami z wykorzystaniem \u0142\u0105cznik\u00f3w na\u015bciennych.Wyposa\u017cone zosta\u0142y w mechaniczne wy\u0142\u0105czniki kra\u0144cowe, kt\u00f3re odcinaj\u0105 zasilanie po opuszczeniu rolety. <\/span><\/span><\/span><\/p>\n<p><a class=\"corebutton\" href=\"https:\/\/silnikdorolet.pl\/mobilus-m35-do-rur-nawojowych-o40\/277-silnik-mobilus-m35-m-1014.html\">ZOBACZ PRODUKT<\/a><\/p>\n","protected":false},"excerpt":{"rendered":"<p align=\"justify\"><span style=\"font-family: Arial, serif;\"><span style=\"font-size: medium;\"><span lang=\"pl-PL\">Silnik do rolet Mobilus serii M35 s\u0105 to urz\u0105dzenia dostosowane do przewodowego sterowania roletami z wykorzystaniem \u0142\u0105cznik\u00f3w na\u015bciennych.Wyposa\u017cone zosta\u0142y w mechaniczne wy\u0142\u0105czniki kra\u0144cowe, kt\u00f3re odcinaj\u0105 zasilanie po opuszczeniu rolety. <\/span><\/span><\/span><\/p>\n","protected":false},"featured_media":1436,"template":"","meta":{"_seopress_robots_primary_cat":"none","_seopress_titles_title":"","_seopress_titles_desc":"","_seopress_robots_index":""},"product_cat":[62,24],"product_tag":[],"class_list":{"0":"post-679","1":"product","2":"type-product","3":"status-publish","4":"has-post-thumbnail","6":"product_cat-silniki-mobilus","7":"product_cat-mobilus","9":"first","10":"instock","11":"shipping-taxable","12":"purchasable","13":"product-type-simple"},"_links":{"self":[{"href":"https:\/\/www.mobilus.org\/sklep\/wp-json\/wp\/v2\/product\/679","targetHints":{"allow":["GET"]}}],"collection":[{"href":"https:\/\/www.mobilus.org\/sklep\/wp-json\/wp\/v2\/product"}],"about":[{"href":"https:\/\/www.mobilus.org\/sklep\/wp-json\/wp\/v2\/types\/product"}],"wp:featuredmedia":[{"embeddable":true,"href":"https:\/\/www.mobilus.org\/sklep\/wp-json\/wp\/v2\/media\/1436"}],"wp:attachment":[{"href":"https:\/\/www.mobilus.org\/sklep\/wp-json\/wp\/v2\/media?parent=679"}],"wp:term":[{"taxonomy":"product_cat","embeddable":true,"href":"https:\/\/www.mobilus.org\/sklep\/wp-json\/wp\/v2\/product_cat?post=679"},{"taxonomy":"product_tag","embeddable":true,"href":"https:\/\/www.mobilus.org\/sklep\/wp-json\/wp\/v2\/product_tag?post=679"}],"curies":[{"name":"wp","href":"https:\/\/api.w.org\/{rel}","templated":true}]}}