{"id":315,"date":"2019-01-04T18:36:33","date_gmt":"2019-01-04T18:36:33","guid":{"rendered":"https:\/\/www.mobilus.org\/?post_type=product&#038;p=315"},"modified":"2024-03-19T20:04:45","modified_gmt":"2024-03-19T20:04:45","slug":"silnik-do-rolet-mobilus-m35-m-6-14-k","status":"publish","type":"product","link":"https:\/\/www.mobilus.org\/sklep\/produkt\/silnik-do-rolet-mobilus-m35-m-6-14-k\/","title":{"rendered":"Silnik do rolet Mobilus M35 M 6\/14 K"},"content":{"rendered":"<div class=\"content_block\" id=\"custom_post_widget-681\"><p><img loading=\"lazy\" decoding=\"async\" class=\"\" src=\"https:\/\/www.mobilus.org\/wp-content\/uploads\/2019\/01\/mobilus_logo.png\" width=\"350\" height=\"112\" \/><\/p>\n<\/div>\n<p align=\"justify\"><span style=\"font-family: Arial, serif;\"><span style=\"font-size: medium;\"><span lang=\"pl-PL\">Silniki do rolet Mobilus serii M35 s\u0105 to urz\u0105dzenia dostosowane do przewodowego sterowania roletami z wykorzystaniem \u0142\u0105cznik\u00f3w na\u015bciennych. Wyposa\u017cone zosta\u0142y w mechaniczne wy\u0142\u0105czniki kra\u0144cowe, kt\u00f3re odcinaj\u0105 zasilanie po opuszczeniu rolety. Przeznaczone do w\u0105skich rolet.<\/span><\/span><\/span><\/p>\n<p><a class=\"corebutton\" href=\"https:\/\/silnikdorolet.pl\/mobilus-m35-do-rur-nawojowych-o40\/410-silnik-mobilus-m35-m-614-k.html\">ZOBACZ PRODUKT<\/a><\/p>\n","protected":false},"excerpt":{"rendered":"<p align=\"justify\"><span style=\"font-family: Arial, serif;\"><span style=\"font-size: medium;\"><span lang=\"pl-PL\">Silniki do rolet Mobilus serii M35 s\u0105 to urz\u0105dzenia dostosowane do przewodowego sterowania roletami z wykorzystaniem \u0142\u0105cznik\u00f3w na\u015bciennych. Wyposa\u017cone zosta\u0142y w mechaniczne wy\u0142\u0105czniki kra\u0144cowe, kt\u00f3re odcinaj\u0105 zasilanie po opuszczeniu rolety. Przeznaczone do w\u0105skich rolet.<\/span><\/span><\/span><\/p>\n","protected":false},"featured_media":677,"template":"","meta":{"_seopress_robots_primary_cat":"","_seopress_titles_title":"","_seopress_titles_desc":"","_seopress_robots_index":""},"product_cat":[62,24],"product_tag":[],"class_list":{"0":"post-315","1":"product","2":"type-product","3":"status-publish","4":"has-post-thumbnail","6":"product_cat-silniki-mobilus","7":"product_cat-mobilus","9":"first","10":"instock","11":"shipping-taxable","12":"purchasable","13":"product-type-simple"},"_links":{"self":[{"href":"https:\/\/www.mobilus.org\/sklep\/wp-json\/wp\/v2\/product\/315","targetHints":{"allow":["GET"]}}],"collection":[{"href":"https:\/\/www.mobilus.org\/sklep\/wp-json\/wp\/v2\/product"}],"about":[{"href":"https:\/\/www.mobilus.org\/sklep\/wp-json\/wp\/v2\/types\/product"}],"wp:featuredmedia":[{"embeddable":true,"href":"https:\/\/www.mobilus.org\/sklep\/wp-json\/wp\/v2\/media\/677"}],"wp:attachment":[{"href":"https:\/\/www.mobilus.org\/sklep\/wp-json\/wp\/v2\/media?parent=315"}],"wp:term":[{"taxonomy":"product_cat","embeddable":true,"href":"https:\/\/www.mobilus.org\/sklep\/wp-json\/wp\/v2\/product_cat?post=315"},{"taxonomy":"product_tag","embeddable":true,"href":"https:\/\/www.mobilus.org\/sklep\/wp-json\/wp\/v2\/product_tag?post=315"}],"curies":[{"name":"wp","href":"https:\/\/api.w.org\/{rel}","templated":true}]}}