{"id":1413,"date":"2024-11-10T22:21:08","date_gmt":"2024-11-10T22:21:08","guid":{"rendered":"https:\/\/www.mobilus.org\/sklep\/?post_type=product&#038;p=1413"},"modified":"2024-11-10T22:23:09","modified_gmt":"2024-11-10T22:23:09","slug":"pilot-do-rolet-mobilus-cosmo-hm3-czarny","status":"publish","type":"product","link":"https:\/\/www.mobilus.org\/sklep\/produkt\/pilot-do-rolet-mobilus-cosmo-hm3-czarny\/","title":{"rendered":"Pilot do rolet Mobilus COSMO HM3+ kolor czarny"},"content":{"rendered":"<p>MOBILUS COSMO | HM3 to nowoczesny pilot 4-kana\u0142owy sterowany klasycznymi przyciskami, wsp\u00f3\u0142pracuj\u0105cy z urz\u0105dzeniami w standardzie komunikacji COSMO. Minimalistyczna stylistyka sprawia, \u017ce idealnie wpisuje si\u0119 w architektur\u0119 nowoczesnych dom\u00f3w i mieszka\u0144.<\/p>\n<p>zasi\u0119g dzia\u0142ania do 40 m<\/p>\n<p>1 dioda LED kolor: bia\u0142y<\/p>\n<p>kod dynamiczny, modulacja FSK<\/p>\n<p>Cz\u0119stotliwo\u015b\u0107 868 MHz<\/p>\n<p>2 x baterie AAA<\/p>\n<p>Klasyczne sterowanie za pomoc\u0105 przycisk\u00f3w. Sterowanie 3 urz\u0105dzeniami +kana\u0142 wsp\u00f3lny<\/p>\n<p>w standardzie komunikacji COSMO np.: brama wjazdowa, gara\u017cowa, roleta, markiz, o\u015bwietlenie, elektrozawory, odbiorniki elektrycznych typu ON \/ OFF.<\/p>\n<p>W komplecie uchwyt do pilota.<\/p>\n<p>Nie robimy problem\u00f3w ze zwrotem, czy wymian\u0105 pilota na inny model.<\/p>\n<p>Gwarancja 2 lata<\/p>\n<p>wyprodukowano w Polsce<\/p>\n","protected":false},"excerpt":{"rendered":"<p align=\"justify\"><span style=\"font-family: Arial, serif;\"><span style=\"font-size: medium;\"><span lang=\"pl-PL\">Mobilus COSMO HM3+ to minimalistyczny pilot do sterowania bezprzewodowego roletami, kt\u00f3ry wsp\u00f3\u0142pracuje ze wszystkimi urz\u0105dzeniami wyposa\u017conymi w komunikacj\u0119 COSMO. Posiada 4 kana\u0142y\u00a0<\/span><\/span><\/span><\/p>\n","protected":false},"featured_media":1414,"template":"","meta":{"_seopress_robots_primary_cat":"none","_seopress_titles_title":"","_seopress_titles_desc":"","_seopress_robots_index":""},"product_cat":[60,24],"product_tag":[],"class_list":{"0":"post-1413","1":"product","2":"type-product","3":"status-publish","4":"has-post-thumbnail","6":"product_cat-piloty-mobilus","7":"product_cat-mobilus","9":"first","10":"instock","11":"shipping-taxable","12":"purchasable","13":"product-type-simple"},"_links":{"self":[{"href":"https:\/\/www.mobilus.org\/sklep\/wp-json\/wp\/v2\/product\/1413","targetHints":{"allow":["GET"]}}],"collection":[{"href":"https:\/\/www.mobilus.org\/sklep\/wp-json\/wp\/v2\/product"}],"about":[{"href":"https:\/\/www.mobilus.org\/sklep\/wp-json\/wp\/v2\/types\/product"}],"wp:featuredmedia":[{"embeddable":true,"href":"https:\/\/www.mobilus.org\/sklep\/wp-json\/wp\/v2\/media\/1414"}],"wp:attachment":[{"href":"https:\/\/www.mobilus.org\/sklep\/wp-json\/wp\/v2\/media?parent=1413"}],"wp:term":[{"taxonomy":"product_cat","embeddable":true,"href":"https:\/\/www.mobilus.org\/sklep\/wp-json\/wp\/v2\/product_cat?post=1413"},{"taxonomy":"product_tag","embeddable":true,"href":"https:\/\/www.mobilus.org\/sklep\/wp-json\/wp\/v2\/product_tag?post=1413"}],"curies":[{"name":"wp","href":"https:\/\/api.w.org\/{rel}","templated":true}]}}