{"id":1233,"date":"2021-07-30T14:14:32","date_gmt":"2021-07-30T14:14:32","guid":{"rendered":"https:\/\/www.mobilus.org\/sklep\/?page_id=1233"},"modified":"2021-07-30T14:14:32","modified_gmt":"2021-07-30T14:14:32","slug":"dostawa","status":"publish","type":"page","link":"https:\/\/www.mobilus.org\/sklep\/dostawa\/","title":{"rendered":"Dostawa"},"content":{"rendered":"<p>Dostawa<\/p>\n<p>Towar wysy\u0142amy kurierem UPS, koszt wysy\u0142ki zar\u00f3wno przy wp\u0142acie na konto 18 z\u0142 jaki i za pobraniem 19z\u0142<\/p>\n<p>Koszty wysy\u0142ki s\u0105 sta\u0142e &#8211; niezale\u017cnie od wagi i ilo\u015bci zam\u00f3wionych przedmiot\u00f3w.<\/p>\n<p>Zam\u00f3wiony towar dostarczamy do Pa\u0144stwa domu, czas realizacji 1 do 4 dni.<\/p>\n","protected":false},"excerpt":{"rendered":"<p>Dostawa Towar wysy\u0142amy kurierem UPS, koszt wysy\u0142ki zar\u00f3wno przy wp\u0142acie na konto 18 z\u0142 jaki [&hellip;]<\/p>\n","protected":false},"author":1,"featured_media":0,"parent":0,"menu_order":0,"comment_status":"closed","ping_status":"closed","template":"","meta":{"_seopress_robots_primary_cat":"","_seopress_titles_title":"","_seopress_titles_desc":"","_seopress_robots_index":"","footnotes":""},"class_list":["post-1233","page","type-page","status-publish","hentry"],"_links":{"self":[{"href":"https:\/\/www.mobilus.org\/sklep\/wp-json\/wp\/v2\/pages\/1233","targetHints":{"allow":["GET"]}}],"collection":[{"href":"https:\/\/www.mobilus.org\/sklep\/wp-json\/wp\/v2\/pages"}],"about":[{"href":"https:\/\/www.mobilus.org\/sklep\/wp-json\/wp\/v2\/types\/page"}],"author":[{"embeddable":true,"href":"https:\/\/www.mobilus.org\/sklep\/wp-json\/wp\/v2\/users\/1"}],"replies":[{"embeddable":true,"href":"https:\/\/www.mobilus.org\/sklep\/wp-json\/wp\/v2\/comments?post=1233"}],"version-history":[{"count":1,"href":"https:\/\/www.mobilus.org\/sklep\/wp-json\/wp\/v2\/pages\/1233\/revisions"}],"predecessor-version":[{"id":1235,"href":"https:\/\/www.mobilus.org\/sklep\/wp-json\/wp\/v2\/pages\/1233\/revisions\/1235"}],"wp:attachment":[{"href":"https:\/\/www.mobilus.org\/sklep\/wp-json\/wp\/v2\/media?parent=1233"}],"curies":[{"name":"wp","href":"https:\/\/api.w.org\/{rel}","templated":true}]}}