{"id":1230,"date":"2021-07-30T14:14:02","date_gmt":"2021-07-30T14:14:02","guid":{"rendered":"https:\/\/www.mobilus.org\/sklep\/?page_id=1230"},"modified":"2024-11-10T20:23:29","modified_gmt":"2024-11-10T20:23:29","slug":"platnosci","status":"publish","type":"page","link":"https:\/\/www.mobilus.org\/sklep\/platnosci\/","title":{"rendered":"P\u0142atno\u015bci"},"content":{"rendered":"<p>Warunkiem otrzymania faktury VAT jest poprawne wype\u0142nienie formularza danych, dost\u0119pnego w trakcie sk\u0142adania zam\u00f3wienia.<\/p>\n<p>P\u0142atno\u015b\u0107 za zakupione produkty zrealizowa\u0107 mo\u017cna wykonuj\u0105c przelew bankowy na nasze konto w banku Credit Agricole lub przez szybkie p\u0142atno\u015bci<\/p>\n<p>Firma DES, \u00a0NIP 779-101-01-09<\/p>\n<p>62-007 Biskupice ul. Nowa 10<\/p>\n<p>Numer konta bankowego: 88 1940 1076 3073 1439 0000 0000<\/p>\n","protected":false},"excerpt":{"rendered":"<p>Warunkiem otrzymania faktury VAT jest poprawne wype\u0142nienie formularza danych, dost\u0119pnego w trakcie sk\u0142adania zam\u00f3wienia. P\u0142atno\u015b\u0107 [&hellip;]<\/p>\n","protected":false},"author":1,"featured_media":0,"parent":0,"menu_order":0,"comment_status":"closed","ping_status":"closed","template":"","meta":{"_seopress_robots_primary_cat":"","_seopress_titles_title":"","_seopress_titles_desc":"","_seopress_robots_index":"","footnotes":""},"class_list":["post-1230","page","type-page","status-publish","hentry"],"_links":{"self":[{"href":"https:\/\/www.mobilus.org\/sklep\/wp-json\/wp\/v2\/pages\/1230","targetHints":{"allow":["GET"]}}],"collection":[{"href":"https:\/\/www.mobilus.org\/sklep\/wp-json\/wp\/v2\/pages"}],"about":[{"href":"https:\/\/www.mobilus.org\/sklep\/wp-json\/wp\/v2\/types\/page"}],"author":[{"embeddable":true,"href":"https:\/\/www.mobilus.org\/sklep\/wp-json\/wp\/v2\/users\/1"}],"replies":[{"embeddable":true,"href":"https:\/\/www.mobilus.org\/sklep\/wp-json\/wp\/v2\/comments?post=1230"}],"version-history":[{"count":2,"href":"https:\/\/www.mobilus.org\/sklep\/wp-json\/wp\/v2\/pages\/1230\/revisions"}],"predecessor-version":[{"id":1378,"href":"https:\/\/www.mobilus.org\/sklep\/wp-json\/wp\/v2\/pages\/1230\/revisions\/1378"}],"wp:attachment":[{"href":"https:\/\/www.mobilus.org\/sklep\/wp-json\/wp\/v2\/media?parent=1230"}],"curies":[{"name":"wp","href":"https:\/\/api.w.org\/{rel}","templated":true}]}}