{"id":1227,"date":"2021-07-30T14:07:36","date_gmt":"2021-07-30T14:07:36","guid":{"rendered":"https:\/\/www.mobilus.org\/sklep\/?page_id=1227"},"modified":"2024-11-10T20:26:11","modified_gmt":"2024-11-10T20:26:11","slug":"regulamin","status":"publish","type":"page","link":"https:\/\/www.mobilus.org\/sklep\/regulamin\/","title":{"rendered":"Regulamin"},"content":{"rendered":"<p>. POSTANOWIENIA OG\u00d3LNE<\/p>\n<p>Regulamin okre\u015bla zasady korzystania przez U\u017cytkownik\u00f3w, w tym Nabywc\u00f3w, ze Sklepu prowadzonego przez Sprzedawc\u0119.<br \/>\nRegulamin udost\u0119pniany jest nieprzerwanie na stronie internetowej Sklepu w spos\u00f3b umo\u017cliwiaj\u0105cy U\u017cytkownikom jego pozyskanie, odtwarzanie i utrwalanie jego tre\u015bci.<\/p>\n<p>II. DEFINICJE<\/p>\n<p>Terminy u\u017cyte w Regulaminie oznaczaj\u0105:<\/p>\n<p>Sprzedawca \u2013 SOK\u00d3\u0141 EL\u017bBIETA &#8222;DES&#8221; FIRMA P.H.U.\u00a0 62-007 Biskupice ul. Nowa 10, posiadaj\u0105cy numer identyfikacji podatkowej NIP: 779-101-01-09, REGON: 630287703 , dzia\u0142alno\u015b\u0107 wpisana, do kt\u00f3ry, prowadz\u0105c dzia\u0142alno\u015b\u0107 gospodarcz\u0105, dokonuje w ramach Sklepu sprzeda\u017cy towar\u00f3w lub \u015bwiadczenia us\u0142ug.<br \/>\nSklep \u2013 zbi\u00f3r stron internetowych i narz\u0119dzi informatycznych (serwis internetowy) zarz\u0105dzanych przez Sprzedawc\u0119 i pozwalaj\u0105cych U\u017cytkownikom na zawieranie Um\u00f3w sprzeda\u017cy lub Um\u00f3w o \u015bwiadczenie us\u0142ug, dost\u0119pny w domenie internetowej: nowy.dorolet.istore.pl.<br \/>\nNabywca \u2013 U\u017cytkownik, kt\u00f3ry w ramach Sklepu zawar\u0142 Umow\u0119 sprzeda\u017cy lub Umow\u0119 o \u015bwiadczenie us\u0142ug.<br \/>\nUmowa sprzeda\u017cy \u2013 umowa zawarta w Sklepie na zasadach wynikaj\u0105cych z Regulaminu pomi\u0119dzy Sprzedawc\u0105 a Nabywc\u0105, kt\u00f3rej przedmiotem jest sprzeda\u017c na rzecz Nabywcy rzeczy.<br \/>\nUmowa o \u015bwiadczenie us\u0142ug \u2013 umowa zawarta w Sklepie na zasadach wynikaj\u0105cych z Regulaminu pomi\u0119dzy Sprzedawc\u0105 a Nabywc\u0105, kt\u00f3rej przedmiotem jest \u015bwiadczenie przez Sprzedawc\u0119 na rzecz Nabywcy us\u0142ugi lub us\u0142ug.<br \/>\nUmowa \u2013 obejmuje Umow\u0119 sprzeda\u017cy oraz Umow\u0119 o \u015bwiadczenie us\u0142ug.<br \/>\nRegulamin \u2013 niniejszy Regulamin Sklepu.<br \/>\nMateria\u0142y \u2013 informacje zawarte na stronach internetowych Sklepu, m.in. nazwy i opisy oraz zdj\u0119cia i ilustracje graficzne towar\u00f3w, oznaczenia producent\u00f3w towar\u00f3w.<br \/>\nU\u017cytkownik \u2013 u\u017cytkownik Internetu, korzystaj\u0105cy ze Sklepu, nabywaj\u0105cy lub zamierzaj\u0105cy naby\u0107 towary lub us\u0142ugi prezentowane przez Sprzedawc\u0119 za po\u015brednictwem Sklepu.<br \/>\nNewsletter \u2013 us\u0142uga \u015bwiadczona przez Sprzedawc\u0119, polegaj\u0105ca na przesy\u0142aniu drog\u0105 elektroniczn\u0105 informacji, w tym informacji handlowych, a dotycz\u0105cych w szczeg\u00f3lno\u015bci Sprzedawcy i jego produkt\u00f3w, bran\u017cy sprzeda\u017cy elektronicznej, nowo\u015bci, promocji i ofert handlowych.<\/p>\n<p>III. OG\u00d3LNE WARUNKI KORZYSTANIA ZE SKLEPU<\/p>\n<p>U\u017cytkownik b\u0119d\u0105cy osob\u0105 fizyczn\u0105 mo\u017ce korzysta\u0107 ze Sklepu pod warunkiem posiadania pe\u0142nej zdolno\u015bci do czynno\u015bci prawnych.<br \/>\nU\u017cytkownik nie b\u0119d\u0105cy osob\u0105 fizyczn\u0105 mo\u017ce korzysta\u0107 ze Sklepu za po\u015brednictwem os\u00f3b upowa\u017cnionych do dzia\u0142ania w jego imieniu, z uwzgl\u0119dnieniem postanowie\u0144 zawartych w sekcji REJESTRACJA W SKLEPIE, w punkcie 4.<br \/>\nU\u017cytkownik mo\u017ce korzysta\u0107 ze Sklepu za po\u015brednictwem urz\u0105dze\u0144 komunikuj\u0105cych si\u0119 z Internetem (komputer, telefon), z wykorzystaniem przegl\u0105darki internetowej.<br \/>\nU\u017cytkownik zobowi\u0105zany jest do podania prawdziwych, aktualnych i pe\u0142nych danych w formularzach, o kt\u00f3rych mowa w sekcji REJESTRACJA W SKLEPIE, w punkcie 2 i 3 oraz post\u0119powa\u0107 zgodnie z warunkami Regulaminu. Dane podawane przez U\u017cytkownika nie mog\u0105 narusza\u0107 przepis\u00f3w aktualnie obowi\u0105zuj\u0105cego prawa oraz d\u00f3br osobistych i praw os\u00f3b trzecich.<br \/>\nU\u017cytkownik zobowi\u0105zany jest do nieujawniania osobom trzecim swojego loginu i has\u0142a dost\u0119pu wykorzystywanego do logowania w Sklepie.<\/p>\n<p>IV. REJESTRACJA W SKLEPIE<\/p>\n<p>U\u017cytkownicy maj\u0105 mo\u017cliwo\u015b\u0107:<br \/>\nkorzystania ze Sklepu, w tym zawierania Um\u00f3w, bez konieczno\u015bci dokonywania rejestracji<br \/>\nZawarcie Umowy na zakup danego towaru lub us\u0142ugi bez uprzedniej rejestracji w Sklepie jest mo\u017cliwe, z zastrze\u017ceniem pozosta\u0142ych postanowie\u0144 Regulaminu, po spe\u0142nieniu \u0142\u0105cznie nast\u0119puj\u0105cych warunk\u00f3w:<br \/>\nprawid\u0142owym wype\u0142nieniu elektronicznego formularza internetowego dost\u0119pnego na stronie internetowej Sklepu poprzez podanie wymaganych danych,<br \/>\nakceptacji Regulaminu.<br \/>\nW przypadku osoby prawnej oraz jednostki organizacyjnej nieposiadaj\u0105cej osobowo\u015bci prawnej, rejestracji w Sklepie, a tak\u017ce wszystkich innych czynno\u015bci tego podmiotu w Sklepie, mo\u017ce dokona\u0107 wy\u0142\u0105cznie osoba, kt\u00f3ra jest umocowana do dokonywania w imieniu tego podmiotu wszelkich czynno\u015bci zwi\u0105zanych z korzystaniem ze Sklepu (w tym rejestracji) oraz do wykonywania wszelkich praw i obowi\u0105zk\u00f3w tego podmiotu jako U\u017cytkownika (w tym Nabywcy).<br \/>\nSprzedawca mo\u017ce \u017c\u0105da\u0107 uwiarygodnienia podanych przez U\u017cytkownika danych, w tym w przypadku aktualizacji danych U\u017cytkownika, poprzez przes\u0142anie do Sprzedawcy wymaganych dokument\u00f3w.<br \/>\nW przypadku jakiejkolwiek zmiany danych U\u017cytkownika podanych podczas rejestracji U\u017cytkownik powinien je zaktualizowa\u0107 przed zawarciem kolejnej Umowy, korzystaj\u0105c z odpowiedniego formularza dost\u0119pnego w Sklepie.<br \/>\nZ chwil\u0105 rejestracji w Sklepie tworzone jest konto U\u017cytkownika stanowi\u0105ce zbi\u00f3r zasob\u00f3w, w kt\u00f3rym gromadzone s\u0105 informacje o U\u017cytkowniku oraz o jego dzia\u0142aniach w ramach Sklepu w zwi\u0105zku z zawieranymi Umowami. W ramach swojego konta U\u017cytkownik ma m.in. dost\u0119p do historii swoich zam\u00f3wie\u0144 w Sklepie.<\/p>\n<p>V. SK\u0141ADANIE ZAM\u00d3WIE\u0143 W SKLEPIE \u2013 ZAWARCIE UMOWY<\/p>\n<p>U\u017cytkownik, przegl\u0105daj\u0105c strony sklepu, w szczeg\u00f3lno\u015bci prezentuj\u0105ce towary, us\u0142ugi i koszty wysy\u0142ki, ma mo\u017cliwo\u015b\u0107 zapoznania si\u0119 z ich opisem, cechami, parametrami technicznymi, cen\u0105 oraz kosztem wysy\u0142ki oraz kosztami dodatkowymi. Sprzedawca zobowi\u0105zuje si\u0119 do prezentowania na powy\u017cszych stronach jasnych i rzetelnych informacji umo\u017cliwiaj\u0105cych U\u017cytkownikowi zapoznanie si\u0119 z jego ofert\u0105.<br \/>\nPrzed z\u0142o\u017ceniem zam\u00f3wienia U\u017cytkownik umieszcza w wirtualnym koszyku wybrany przez siebie towar lub us\u0142ug\u0119, kt\u00f3re zamierza naby\u0107. Wirtualny koszyk jest narz\u0119dziem umo\u017cliwiaj\u0105cym U\u017cytkownikowi agregacj\u0119 wybranych towar\u00f3w\/us\u0142ug przed ich zakupem, przeliczanie warto\u015bci towar\u00f3w\/us\u0142ug zgromadzonych w koszyku oraz przeliczanie koszt\u00f3w dostawy. Podczas wyboru towar\u00f3w\/us\u0142ug U\u017cytkownik mo\u017ce dowolnie zarz\u0105dza\u0107 zawarto\u015bci\u0105 koszyka poprzez dodawanie do koszyka kolejnych towar\u00f3w\/us\u0142ug lub usuwanie ich z koszyka.<br \/>\nPo ostatecznym wyborze towar\u00f3w\/us\u0142ug przeznaczonych do zakupu U\u017cytkownik zostaje skierowany do formularza internetowego s\u0142u\u017c\u0105cego do sk\u0142adania zam\u00f3wie\u0144 w Sklepie. Formularz sk\u0142adania zam\u00f3wienia mo\u017ce by\u0107 z\u0142o\u017cony z formularzy sk\u0142adowych s\u0142u\u017c\u0105cych do okre\u015blenia:<br \/>\nadresu dostawy,<br \/>\nsposobu dostawy,<br \/>\nsposobu dokonania p\u0142atno\u015bci za towar\/us\u0142ug\u0119.<br \/>\nZ\u0142o\u017cenie zam\u00f3wienia stanowi ofert\u0119 w rozumieniu kodeksu cywilnego, z\u0142o\u017con\u0105 przez U\u017cytkownika Sprzedawcy. Po otrzymaniu zam\u00f3wienia Sprzedawca weryfikuje, czy zam\u00f3wienie zosta\u0142o z\u0142o\u017cone prawid\u0142owo (zgodnie z postanowieniami Regulaminu). W przypadku stwierdzenia przez Sprzedawc\u0119, i\u017c zam\u00f3wienie zosta\u0142o z\u0142o\u017cone nieprawid\u0142owo, Sprzedawca poinformuje o tym U\u017cytkownika.<br \/>\nPo z\u0142o\u017ceniu prawid\u0142owego zam\u00f3wienia Sprzedawca przesy\u0142a niezw\u0142ocznie U\u017cytkownikowi informacj\u0119 o przyj\u0119ciu zam\u00f3wienia (przyj\u0119cie oferty) na adres poczty elektronicznej (e-mail) podany przy sk\u0142adaniu zam\u00f3wienia lub podczas rejestracji. Umowa na dany towar lub us\u0142ug\u0119 zostaje zawarta z chwil\u0105 przes\u0142ania U\u017cytkownikowi przez Sprzedawc\u0119 informacji o przyj\u0119ciu zam\u00f3wienia.<br \/>\nW przypadku Umowy o \u015bwiadczenie us\u0142ug Sprzedawca powiadomi Nabywc\u0119 przed z\u0142o\u017ceniem przez niego zam\u00f3wienia o minimalnym okresie, na jaki ma by\u0107 zawarta Umowa, je\u015bli dotyczy\u0107 ona b\u0119dzie \u015bwiadczenia ci\u0105g\u0142ego lub okresowego.<\/p>\n<p>VI. ZAP\u0141ATA CENY<\/p>\n<p>Klient zobowi\u0105zany jest do zap\u0142aty ceny za zam\u00f3wiony w Sklepie towar\/us\u0142ug\u0119, w tym za koszty dostawy, nie p\u00f3\u017aniej ni\u017c w terminie 7 dni od dnia dokonania zakupu, z zastrze\u017ceniem, gdy p\u0142atno\u015b\u0107 nast\u0119puje przy odbiorze.<br \/>\nP\u0142atno\u015bci za nabyte w Sklepie przez Nabywc\u0119 towary lub zam\u00f3wione us\u0142ugi (cena oraz koszty dostawy) dokonywane s\u0105 za pomoc\u0105 narz\u0119dzi p\u0142atniczych udost\u0119pnianych w Sklepie oraz na zasadach okre\u015blonych przez Sprzedawc\u0119. Dost\u0119pne formy p\u0142atno\u015bci okre\u015blone s\u0105 na stronie \u201eFormy p\u0142atno\u015bci\u201d.<br \/>\nWszystkie ceny w Sklepie s\u0105 cenami brutto zawieraj\u0105cymi podatek od towar\u00f3w i us\u0142ug (VAT) w wysoko\u015bci wynikaj\u0105cej z odr\u0119bnych przepis\u00f3w. Koszty dostawy towaru\/us\u0142ugi do U\u017cytkownika podane s\u0105 odr\u0119bnie na stronie \u201eCzas i koszty dostawy\u201d.<br \/>\nU\u017cytkownik dokonuje zakupu towaru oraz zam\u00f3wienia us\u0142ugi wed\u0142ug cen oraz wysoko\u015bci koszt\u00f3w dostawy obowi\u0105zuj\u0105cych w chwili z\u0142o\u017cenia zam\u00f3wienia. Wysoko\u015b\u0107 koszt\u00f3w dostawy uzale\u017cniona jest od sposobu dostawy wybranego przez U\u017cytkownika.<br \/>\nSprzedawca zastrzega sobie prawo do zmiany cen oraz wysoko\u015bci koszt\u00f3w dostawy, w szczeg\u00f3lno\u015bci w przypadku zmiany cennik\u00f3w us\u0142ug \u015bwiadczonych przez podmioty realizuj\u0105ce dostawy. Postanowienie to nie dotyczy skutecznie z\u0142o\u017conych zam\u00f3wie\u0144.<\/p>\n<p>VII. DOSTAWA<\/p>\n<p>Dostawa nast\u0119puje na adres wskazany przez Nabywc\u0119 w terminie okre\u015blonym w ofercie, z zastrze\u017ceniem produkt\u00f3w \u201ena zam\u00f3wienie\u201d, kt\u00f3rych czas dostawy mo\u017ce by\u0107 d\u0142u\u017cszy, o czym klient jest informowany.<br \/>\nMiejscem spe\u0142nienia \u015bwiadczenia zwi\u0105zanego z zakupem towar\u00f3w w Sklepie jest adres dostawy wskazany przez Klienta, z zastrze\u017ceniem towar\u00f3w odbieranych osobi\u015bcie przez Klient\u00f3w, w kt\u00f3rych miejscem spe\u0142nienia \u015bwiadczenia jest wybrany przez Klienta punkt odbioru osobistego.<br \/>\nJe\u017celi Sprzedawca nie mo\u017ce spe\u0142ni\u0107 \u015bwiadczenia z tego powodu, \u017ce towar lub us\u0142uga nie s\u0105 dost\u0119pne, niezw\u0142ocznie, najp\u00f3\u017aniej jednak w terminie trzydziestu dni od zawarcia Umowy, zawiadomi o tym Nabywc\u0119 i zwr\u00f3ci ca\u0142\u0105 otrzyman\u0105 od niego sum\u0119 pieni\u0119\u017cn\u0105, je\u017celi jakakolwiek suma zosta\u0142a ju\u017c uiszczona.<br \/>\nW wypadku, gdy Sprzedawca nie mo\u017ce wykona\u0107 zobowi\u0105zania z powodu cho\u0107by przej\u015bciowej niemo\u017cno\u015bci spe\u0142nienia \u015bwiadczenia o w\u0142a\u015bciwo\u015bciach zam\u00f3wionych przez konsumenta, mo\u017ce zwolni\u0107 si\u0119 z zobowi\u0105zania przez spe\u0142nienie \u015bwiadczenia zast\u0119pczego odpowiadaj\u0105cego tej samej jako\u015bci i przeznaczeniu oraz za t\u0119 sam\u0105 cen\u0119 lub wynagrodzenie, informuj\u0105c zarazem konsumenta na pi\u015bmie o jego prawie nieprzyj\u0119cia tego \u015bwiadczenia i odst\u0105pienia od umowy ze zwrotem rzeczy na koszt Sprzedawcy.<\/p>\n<p>VIII. NEWSLETTER<\/p>\n<p>Dla korzystania z Newslettera wymagany jest komputer z dost\u0119pem do Internetu, standardowa przegl\u0105darka internetowa oraz czynna i prawid\u0142owo skonfigurowana poczta elektroniczna.<br \/>\nNewsletter jest bezp\u0142atn\u0105 us\u0142ug\u0105 \u015bwiadczon\u0105 przez Sklep dla U\u017cytkownik\u00f3w nieb\u0119d\u0105cych Nabywcami oraz U\u017cytkownikom zarejestrowanym w Sklepie zgodnie z rozdzia\u0142em III Regulaminu polegaj\u0105c\u0105 na informowaniu U\u017cytkownik\u00f3w o promocjach, konkursach, wydarzeniach, nowo\u015bciach poprzez okresowe wysy\u0142anie tre\u015bci drog\u0105 elektroniczn\u0105 w formie wiadomo\u015bci e-mail.<br \/>\nCelem skorzystania z Newslettera nale\u017cy:<br \/>\nwype\u0142ni\u0107 formularz subskrypcji Newslettera dost\u0119pny na stronach internetowych Sklepu i wyrazi\u0107 zgod\u0119 na otrzymywanie informacji handlowych drog\u0105 elektroniczn\u0105 lub<br \/>\nwyrazi\u0107 zgod\u0119 na przesy\u0142anie informacji handlowych podczas rejestracji w Sklepie.<br \/>\nRezygnacja z otrzymywania informacji w ramach Newslettera jest mo\u017cliwa poprzez wype\u0142nienie formularza subskrypcji Newslettera na stronach internetowych Sklepu, jak r\u00f3wnie\u017c poprzez klikni\u0119cie w link dost\u0119pny w wiadomo\u015bci przes\u0142anej w ramach Newslettera.<br \/>\nU\u017cytkownik nie ponosi wobec Sprzedawcy op\u0142at z tytu\u0142u korzystania z Newslettera. U\u017cytkownik jest zobowi\u0105zany do ponoszenia koszt\u00f3w transmisji danych poprzez sie\u0107 Internet zwi\u0105zanych z korzystaniem z Newslettera.<\/p>\n<p>IX. OCHRONA DANYCH OSOBOWYCH<\/p>\n<p>Podane przez U\u017cytkownik\u00f3w dane osobowe Sprzedawca zbiera i przetwarza zgodnie z obowi\u0105zuj\u0105cymi przepisami prawa oraz zgodnie z Polityk\u0105 Ochrony Prywatno\u015bci zawart\u0105 w Za\u0142\u0105czniku nr 2 do Regulaminu.<\/p>\n<p>X. POST\u0118POWANIE REKLAMACYJNE<\/p>\n<p>Nabywca mo\u017ce sk\u0142ada\u0107 Sprzedawcy reklamacje dotycz\u0105ce dzia\u0142ania Sprzedawcy oraz korzystania ze Sklepu.<br \/>\nReklamacj\u0119 mo\u017cna sk\u0142ada\u0107 w formie elektronicznej za pomoc\u0105 formularza kontaktowego dost\u0119pnego w Sklepie na stronie \u201eDane firmy lub kontakt\u201d lub w formie pisemnej na adres Sprzedawcy podany w g\u00f3rnej cz\u0119\u015bci Regulaminu. Reklamacja powinna zawiera\u0107 co najmniej:<br \/>\nimi\u0119, nazwisko, adres, adres e-mail Nabywcy,<br \/>\ndat\u0119 zawarcia Umowy stanowi\u0105cej podstaw\u0119 reklamacji,<br \/>\nprzedmiot reklamacji, ze wskazaniem \u017c\u0105dania Nabywcy,<br \/>\nwszelkie okoliczno\u015bci uzasadniaj\u0105ce reklamacj\u0119,<br \/>\nO rozstrzygni\u0119ciu reklamacji Nabywca zostanie poinformowany drog\u0105 poczty elektronicznej b\u0105d\u017a za pomoc\u0105 poczty tradycyjnej.<br \/>\nSklep rozpoznaje reklamacj\u0119 w terminie 14 dni od daty jej otrzymania w prawid\u0142owej postaci.<br \/>\nO ile nabyty towar obj\u0119ty jest gwarancj\u0105 np. producenta, importera, Sprzedawcy itp., kt\u00f3rej zakres potwierdza wydany wraz z towarem dokument gwarancyjny, niezale\u017cnie od innych przys\u0142uguj\u0105cych uprawnie\u0144 reklamacyjnych, Nabywca mo\u017ce zg\u0142osi\u0107 reklamacj\u0119, powo\u0142uj\u0105c si\u0119 na zakres udzielonej gwarancji.<\/p>\n<p>XI. ODST\u0104PIENIE OD UMOWY, WYPOWIEDZENIE, GWARANCJA<\/p>\n<p>Na podstawie Ustawy z dnia 30 maja 2014 r. o prawach konsumenta, Nabywca b\u0119d\u0105cy konsumentem mo\u017ce odst\u0105pi\u0107 od Umowy bez podania przyczyn w terminie 14 dni od dnia otrzymania towaru, a gdy Umowa dotyczy\u0142a us\u0142ugi \u2013 w terminie 14 dni od dnia zawarcia Umowy o \u015bwiadczenie us\u0142ug, z zastrze\u017ceniem ust. 5 poni\u017cej.<br \/>\nDo zachowania terminu odst\u0105pienia wystarcza wys\u0142anie pisemnego o\u015bwiadczenia o odst\u0105pieniu w formie papierowej lub za pomoc\u0105 poczty elektronicznej. Nabywca mo\u017ce w tym celu skorzysta\u0107 ze wzoru o\u015bwiadczenia udost\u0119pnionego m.in. na stronie \u201eReklamacje i zwroty\u201d. Sprzedawca niezw\u0142ocznie po otrzymaniu o\u015bwiadczenia wy\u015ble do Nabywcy na trwa\u0142ym no\u015bniku potwierdzenie jego otrzymania.<br \/>\nW razie odst\u0105pienia od Umowy, Umowa jest uwa\u017cana za niezawart\u0105. To, co strony \u015bwiadczy\u0142y, ulega zwrotowi w stanie niezmienionym, chyba \u017ce zmiana by\u0142a konieczna w granicach zwyk\u0142ego zarz\u0105du. Zwrot powinien nast\u0105pi\u0107 niezw\u0142ocznie, nie p\u00f3\u017aniej ni\u017c w terminie czternastu dni.<br \/>\nW przypadku dokonanej przez Nabywc\u0119 przedp\u0142aty Sprzedawca zobowi\u0105zany jest do zwrotu ceny wraz z odsetkami ustawowymi liczonymi od dnia dokonania przedp\u0142aty.<br \/>\nOdst\u0105pienie od Umowy przez Nabywc\u0119 b\u0119d\u0105cego konsumentem nie jest mo\u017cliwe w przypadkach, gdy zwrotowi podlegaj\u0105 \u015bwiadczenia i towary, od nabycia kt\u00f3rych, zgodnie z obowi\u0105zuj\u0105cymi przepisami prawa, nie mo\u017cna odst\u0105pi\u0107.<br \/>\nJe\u017celi czas trwania Umowy o \u015bwiadczenie us\u0142ug nie jest oznaczony, ka\u017cda ze stron mo\u017ce j\u0105 wypowiedzie\u0107 bez wskazania przyczyn, z zachowaniem terminu miesi\u0119cznego, chyba \u017ce strony uzgodni\u0142y kr\u00f3tszy termin wypowiedzenia.<\/p>\n<p>XII. PRZERWY TECHNICZNE<\/p>\n<p>Sprzedawca nie ponosi odpowiedzialno\u015bci za brak mo\u017cliwo\u015bci skorzystania przez U\u017cytkownik\u00f3w ze Sklepu spowodowany si\u0142\u0105 wy\u017csz\u0105.<br \/>\nSprzedawca zastrzega sobie prawo do przerw w dost\u0119pie do Sklepu spowodowanych jego serwisem technicznym, pracami konserwacyjnymi lub pracami nad polepszeniem funkcjonalno\u015bci Sklepu. Jednocze\u015bnie Sprzedawca zobowi\u0105zuje si\u0119 do do\u0142o\u017cenia wszelkich stara\u0144, by wspomniane przerwy odbywa\u0142y si\u0119 w godzinach nocnych i trwa\u0142y jak najkr\u00f3cej.<\/p>\n<p>XIII. POSTANOWIENIA KO\u0143COWE<\/p>\n<p>Sprzedawca zastrzega sobie prawo do zmiany postanowie\u0144 Regulaminu. Zmiana wchodzi w \u017cycie z chwil\u0105 opublikowania zmienionego Regulaminu na stronie Sklepu w odniesieniu do Sklepu, w kt\u00f3rym dochodzi do zawierania Umowy sprzeda\u017cy lub Umowy o \u015bwiadczenie us\u0142ug (o charakterze jednorazowym), z zastrze\u017ceniem postanowie\u0144 punktu XIII.3 Regulaminu.<br \/>\nZmiana Regulaminu nie dotyczy Um\u00f3w zawartych przed wej\u015bciem w \u017cycie nowego Regulaminu. W przypadku zawierania Um\u00f3w, o kt\u00f3rych mowa w punkcie poprzedzaj\u0105cym, po wej\u015bciu w \u017cycie zmienionego Regulaminu, Nabywca zostanie poproszony o akceptacj\u0119 nowego Regulaminu.<br \/>\nW przypadku Sklep\u00f3w, w kt\u00f3rych dochodzi do zawierania Umowy o \u015bwiadczenie us\u0142ug o charakterze ci\u0105g\u0142ym lub okresowym, zmiana Regulaminu wchodzi w \u017cycie w terminie wskazanym przez Sprzedawc\u0119, nie wcze\u015bniej jednak ni\u017c po up\u0142ywie 45 dni od dnia opublikowania zmienionego Regulaminu na stronie Sklepu i jednoczesnego powiadomienia o tym U\u017cytkownik\u00f3w na adres e-mail przypisany do konta.<br \/>\nW przypadku braku akceptacji tre\u015bci nowego Regulaminu U\u017cytkownik ma mo\u017cliwo\u015b\u0107 rozwi\u0105zania Umowy o \u015bwiadczenie us\u0142ug o charakterze ci\u0105g\u0142ym lub okresowym w trybie przewidzianym w punkcie XI.5 Regulaminu.<br \/>\nJe\u017celi us\u0142uga o charakterze okresowym wygasa w trakcie okresu wypowiedzenia Umowy, Umowa ulega rozwi\u0105zaniu w tym momencie i nie ulega przed\u0142u\u017ceniu na kolejny okres.<br \/>\nWszelkie spory zwi\u0105zane z us\u0142ugami \u015bwiadczonymi przez Sprzedawc\u0119 w ramach Sklepu b\u0119d\u0105 rozstrzygane przez w\u0142a\u015bciwe polskie s\u0105dy powszechne.<br \/>\nU\u017cytkownicy b\u0119d\u0105cy konsumentami maj\u0105 mo\u017cliwo\u015b\u0107 skorzystania z pozas\u0105dowego sposobu rozpatrywania reklamacji i dochodzenia roszcze\u0144 przed Sta\u0142ym Polubownym S\u0105dem Konsumenckim przy Wojew\u00f3dzkim Inspektorze Inspekcji Handlowej. Informacje o sposobie dost\u0119pu do ww. trybu i procedur rozstrzygania spor\u00f3w znajduj\u0105 si\u0119 pod nast\u0119puj\u0105cym adresem: www.uokik.gov.pl , w zak\u0142adce \u201eRozstrzyganie spor\u00f3w konsumenckich\u201d.<\/p>\n","protected":false},"excerpt":{"rendered":"<p>. POSTANOWIENIA OG\u00d3LNE Regulamin okre\u015bla zasady korzystania przez U\u017cytkownik\u00f3w, w tym Nabywc\u00f3w, ze Sklepu prowadzonego [&hellip;]<\/p>\n","protected":false},"author":1,"featured_media":0,"parent":0,"menu_order":0,"comment_status":"closed","ping_status":"closed","template":"","meta":{"_seopress_robots_primary_cat":"","_seopress_titles_title":"","_seopress_titles_desc":"","_seopress_robots_index":"","footnotes":""},"class_list":["post-1227","page","type-page","status-publish","hentry"],"_links":{"self":[{"href":"https:\/\/www.mobilus.org\/sklep\/wp-json\/wp\/v2\/pages\/1227","targetHints":{"allow":["GET"]}}],"collection":[{"href":"https:\/\/www.mobilus.org\/sklep\/wp-json\/wp\/v2\/pages"}],"about":[{"href":"https:\/\/www.mobilus.org\/sklep\/wp-json\/wp\/v2\/types\/page"}],"author":[{"embeddable":true,"href":"https:\/\/www.mobilus.org\/sklep\/wp-json\/wp\/v2\/users\/1"}],"replies":[{"embeddable":true,"href":"https:\/\/www.mobilus.org\/sklep\/wp-json\/wp\/v2\/comments?post=1227"}],"version-history":[{"count":2,"href":"https:\/\/www.mobilus.org\/sklep\/wp-json\/wp\/v2\/pages\/1227\/revisions"}],"predecessor-version":[{"id":1380,"href":"https:\/\/www.mobilus.org\/sklep\/wp-json\/wp\/v2\/pages\/1227\/revisions\/1380"}],"wp:attachment":[{"href":"https:\/\/www.mobilus.org\/sklep\/wp-json\/wp\/v2\/media?parent=1227"}],"curies":[{"name":"wp","href":"https:\/\/api.w.org\/{rel}","templated":true}]}}